{"id":2260,"date":"2021-02-25T17:27:08","date_gmt":"2021-02-25T17:27:08","guid":{"rendered":"https:\/\/spanishwithpaula.com\/primera-clase-gratuita\/"},"modified":"2021-03-25T17:25:16","modified_gmt":"2021-03-25T17:25:16","slug":"primera-clase-gratuita","status":"publish","type":"page","link":"https:\/\/spanishwithpaula.com\/es\/primera-clase-gratuita\/","title":{"rendered":"Primera Clase Gratuita"},"content":{"rendered":"<p>[et_pb_section fb_built=\u00bb1&#8243; _builder_version=\u00bb4.4.9&#8243; background_color=\u00bb#e2e5ee\u00bb][et_pb_row _builder_version=\u00bb4.4.9&#8243; background_enable_color=\u00bboff\u00bb custom_margin=\u00bb0px||||false|false\u00bb custom_padding=\u00bb1px||||false|false\u00bb][et_pb_column type=\u00bb4_4&#8243; _builder_version=\u00bb4.4.9&#8243;][et_pb_text _builder_version=\u00bb4.4.9&#8243; text_font=\u00bbBarlow|300|||||||\u00bb text_text_color=\u00bb#ffffff\u00bb text_font_size=\u00bb42px\u00bb text_letter_spacing=\u00bb1px\u00bb text_line_height=\u00bb1em\u00bb header_font=\u00bbPoppins||||||||\u00bb header_text_color=\u00bb#f8f1f1&#8243; header_font_size=\u00bb27px\u00bb background_color=\u00bb#61a598&#8243; text_font_tablet=\u00bb\u00bb text_font_phone=\u00bb\u00bb text_font_last_edited=\u00bbon|phone\u00bb]<\/p>\n<p style=\"text-align: center;\">\n<p style=\"text-align: center;\">\u00bfQUIERES PROBAR PRIMERO UNA CLASE GRATUITA?<\/p>\n<p style=\"text-align: center;\">[\/et_pb_text][et_pb_text _builder_version=\u00bb4.4.9&#8243; text_font=\u00bbBarlow|300|||||||\u00bb text_text_color=\u00bb#325061&#8243; text_font_size=\u00bb30px\u00bb text_line_height=\u00bb1.1em\u00bb header_font=\u00bbPoppins||||||||\u00bb header_text_color=\u00bb#f8f1f1&#8243; header_font_size=\u00bb27px\u00bb header_6_font=\u00bbBarlow|300|||||||\u00bb background_enable_color=\u00bboff\u00bb text_font_tablet=\u00bb\u00bb text_font_phone=\u00bb\u00bb text_font_last_edited=\u00bbon|phone\u00bb]<\/p>\n<div>\n<p>&nbsp;<\/p>\n<p style=\"text-align: center;\">Esta clase nos ayudar\u00e1 a :<\/p>\n<p style=\"text-align: center;\">En primer lugar &#8230;.\u00a1A conocernos!<\/p>\n<p style=\"text-align: center;\">Tambi\u00e9n me permitir\u00e1 identificar tu nivel de espa\u00f1ol y tus objetivos.<\/p>\n<p style=\"text-align: center;\">Y mostrarte mi forma de ense\u00f1ar y mi metodolog\u00eda.<\/p>\n<pre class=\"tw-data-text tw-text-large XcVN5d tw-ta\" data-placeholder=\"Traducci\u00f3n\" id=\"tw-target-text\" dir=\"ltr\"><span lang=\"en\">\n<\/span><\/pre>\n<\/div>\n<p>[\/et_pb_text][et_pb_button button_url=\u00bb@ET-DC@eyJkeW5hbWljIjp0cnVlLCJjb250ZW50IjoicG9zdF9saW5rX3VybF9wYWdlIiwic2V0dGluZ3MiOnsicG9zdF9pZCI6IjE2MzQifX0=@\u00bb button_text=\u00bbCont\u00e1ctame\u00bb button_alignment=\u00bbcenter\u00bb _builder_version=\u00bb4.4.9&#8243; _dynamic_attributes=\u00bbbutton_url\u00bb custom_button=\u00bbon\u00bb button_text_size=\u00bb28px\u00bb button_text_color=\u00bb#ffffff\u00bb button_bg_color=\u00bb#61a598&#8243; button_border_width=\u00bb0px\u00bb button_border_radius=\u00bb48px\u00bb button_letter_spacing=\u00bb1px\u00bb button_font=\u00bbBarlow|300|||||||\u00bb button_icon=\u00bb%%20%%\u00bb button_icon_color=\u00bb#ffffff\u00bb hover_enabled=\u00bb0&#8243; custom_margin=\u00bb-1px|||||\u00bb][\/et_pb_button][\/et_pb_column][\/et_pb_row][\/et_pb_section]<\/p>\n","protected":false},"excerpt":{"rendered":"<p>\u00bfQUIERES PROBAR PRIMERO UNA CLASE GRATUITA? &nbsp; Esta clase nos ayudar\u00e1 a : En primer lugar &#8230;.\u00a1A conocernos! Tambi\u00e9n me permitir\u00e1 identificar tu nivel de espa\u00f1ol y tus objetivos. Y mostrarte mi forma de ense\u00f1ar y mi metodolog\u00eda.<\/p>\n","protected":false},"author":1,"featured_media":0,"parent":0,"menu_order":0,"comment_status":"closed","ping_status":"closed","template":"","meta":{"_et_pb_use_builder":"on","_et_pb_old_content":"","_et_gb_content_width":""},"yoast_head":"<!-- This site is optimized with the Yoast SEO plugin v19.2 - https:\/\/yoast.com\/wordpress\/plugins\/seo\/ -->\n<title>Primera Clase Gratuita | Spanish with Paula<\/title>\n<meta name=\"robots\" content=\"index, follow, max-snippet:-1, max-image-preview:large, max-video-preview:-1\" \/>\n<link rel=\"canonical\" href=\"https:\/\/spanishwithpaula.com\/es\/primera-clase-gratuita\/\" \/>\n<meta property=\"og:locale\" content=\"es_ES\" \/>\n<meta property=\"og:type\" content=\"article\" \/>\n<meta property=\"og:title\" content=\"Primera Clase Gratuita | Spanish with Paula\" \/>\n<meta property=\"og:description\" content=\"\u00bfQUIERES PROBAR PRIMERO UNA CLASE GRATUITA? &nbsp; Esta clase nos ayudar\u00e1 a : En primer lugar ....\u00a1A conocernos! Tambi\u00e9n me permitir\u00e1 identificar tu nivel de espa\u00f1ol y tus objetivos. Y mostrarte mi forma de ense\u00f1ar y mi metodolog\u00eda.\" \/>\n<meta property=\"og:url\" content=\"https:\/\/spanishwithpaula.com\/es\/primera-clase-gratuita\/\" \/>\n<meta property=\"og:site_name\" content=\"Spanish with Paula\" \/>\n<meta property=\"article:modified_time\" content=\"2021-03-25T17:25:16+00:00\" \/>\n<meta name=\"author\" content=\"admin\" \/>\n<meta name=\"twitter:card\" content=\"summary_large_image\" \/>\n<meta name=\"twitter:label1\" content=\"Tiempo de lectura\" \/>\n\t<meta name=\"twitter:data1\" content=\"1 minuto\" \/>\n<script type=\"application\/ld+json\" class=\"yoast-schema-graph\">{\"@context\":\"https:\/\/schema.org\",\"@graph\":[{\"@type\":\"Organization\",\"@id\":\"https:\/\/spanishwithpaula.com\/#organization\",\"name\":\"Spanish with Paula\",\"url\":\"https:\/\/spanishwithpaula.com\/\",\"sameAs\":[],\"logo\":{\"@type\":\"ImageObject\",\"inLanguage\":\"es\",\"@id\":\"https:\/\/spanishwithpaula.com\/#\/schema\/logo\/image\/\",\"url\":\"https:\/\/spanishwithpaula.com\/wp-content\/uploads\/2020\/08\/About-me-finish.jpg\",\"contentUrl\":\"https:\/\/spanishwithpaula.com\/wp-content\/uploads\/2020\/08\/About-me-finish.jpg\",\"width\":600,\"height\":300,\"caption\":\"Spanish with Paula\"},\"image\":{\"@id\":\"https:\/\/spanishwithpaula.com\/#\/schema\/logo\/image\/\"}},{\"@type\":\"WebSite\",\"@id\":\"https:\/\/spanishwithpaula.com\/#website\",\"url\":\"https:\/\/spanishwithpaula.com\/\",\"name\":\"Spanish with Paula\",\"description\":\"Learn Spanish online\",\"publisher\":{\"@id\":\"https:\/\/spanishwithpaula.com\/#organization\"},\"potentialAction\":[{\"@type\":\"SearchAction\",\"target\":{\"@type\":\"EntryPoint\",\"urlTemplate\":\"https:\/\/spanishwithpaula.com\/?s={search_term_string}\"},\"query-input\":\"required name=search_term_string\"}],\"inLanguage\":\"es\"},{\"@type\":\"WebPage\",\"@id\":\"https:\/\/spanishwithpaula.com\/es\/primera-clase-gratuita\/#webpage\",\"url\":\"https:\/\/spanishwithpaula.com\/es\/primera-clase-gratuita\/\",\"name\":\"Primera Clase Gratuita | Spanish with Paula\",\"isPartOf\":{\"@id\":\"https:\/\/spanishwithpaula.com\/#website\"},\"datePublished\":\"2021-02-25T17:27:08+00:00\",\"dateModified\":\"2021-03-25T17:25:16+00:00\",\"breadcrumb\":{\"@id\":\"https:\/\/spanishwithpaula.com\/es\/primera-clase-gratuita\/#breadcrumb\"},\"inLanguage\":\"es\",\"potentialAction\":[{\"@type\":\"ReadAction\",\"target\":[\"https:\/\/spanishwithpaula.com\/es\/primera-clase-gratuita\/\"]}]},{\"@type\":\"BreadcrumbList\",\"@id\":\"https:\/\/spanishwithpaula.com\/es\/primera-clase-gratuita\/#breadcrumb\",\"itemListElement\":[{\"@type\":\"ListItem\",\"position\":1,\"name\":\"Portada\",\"item\":\"https:\/\/spanishwithpaula.com\/es\/\"},{\"@type\":\"ListItem\",\"position\":2,\"name\":\"Primera Clase Gratuita\"}]}]}<\/script>\n<!-- \/ Yoast SEO plugin. -->","yoast_head_json":{"title":"Primera Clase Gratuita | Spanish with Paula","robots":{"index":"index","follow":"follow","max-snippet":"max-snippet:-1","max-image-preview":"max-image-preview:large","max-video-preview":"max-video-preview:-1"},"canonical":"https:\/\/spanishwithpaula.com\/es\/primera-clase-gratuita\/","og_locale":"es_ES","og_type":"article","og_title":"Primera Clase Gratuita | Spanish with Paula","og_description":"\u00bfQUIERES PROBAR PRIMERO UNA CLASE GRATUITA? &nbsp; Esta clase nos ayudar\u00e1 a : En primer lugar ....\u00a1A conocernos! Tambi\u00e9n me permitir\u00e1 identificar tu nivel de espa\u00f1ol y tus objetivos. Y mostrarte mi forma de ense\u00f1ar y mi metodolog\u00eda.","og_url":"https:\/\/spanishwithpaula.com\/es\/primera-clase-gratuita\/","og_site_name":"Spanish with Paula","article_modified_time":"2021-03-25T17:25:16+00:00","author":"admin","twitter_card":"summary_large_image","twitter_misc":{"Tiempo de lectura":"1 minuto"},"schema":{"@context":"https:\/\/schema.org","@graph":[{"@type":"Organization","@id":"https:\/\/spanishwithpaula.com\/#organization","name":"Spanish with Paula","url":"https:\/\/spanishwithpaula.com\/","sameAs":[],"logo":{"@type":"ImageObject","inLanguage":"es","@id":"https:\/\/spanishwithpaula.com\/#\/schema\/logo\/image\/","url":"https:\/\/spanishwithpaula.com\/wp-content\/uploads\/2020\/08\/About-me-finish.jpg","contentUrl":"https:\/\/spanishwithpaula.com\/wp-content\/uploads\/2020\/08\/About-me-finish.jpg","width":600,"height":300,"caption":"Spanish with Paula"},"image":{"@id":"https:\/\/spanishwithpaula.com\/#\/schema\/logo\/image\/"}},{"@type":"WebSite","@id":"https:\/\/spanishwithpaula.com\/#website","url":"https:\/\/spanishwithpaula.com\/","name":"Spanish with Paula","description":"Learn Spanish online","publisher":{"@id":"https:\/\/spanishwithpaula.com\/#organization"},"potentialAction":[{"@type":"SearchAction","target":{"@type":"EntryPoint","urlTemplate":"https:\/\/spanishwithpaula.com\/?s={search_term_string}"},"query-input":"required name=search_term_string"}],"inLanguage":"es"},{"@type":"WebPage","@id":"https:\/\/spanishwithpaula.com\/es\/primera-clase-gratuita\/#webpage","url":"https:\/\/spanishwithpaula.com\/es\/primera-clase-gratuita\/","name":"Primera Clase Gratuita | Spanish with Paula","isPartOf":{"@id":"https:\/\/spanishwithpaula.com\/#website"},"datePublished":"2021-02-25T17:27:08+00:00","dateModified":"2021-03-25T17:25:16+00:00","breadcrumb":{"@id":"https:\/\/spanishwithpaula.com\/es\/primera-clase-gratuita\/#breadcrumb"},"inLanguage":"es","potentialAction":[{"@type":"ReadAction","target":["https:\/\/spanishwithpaula.com\/es\/primera-clase-gratuita\/"]}]},{"@type":"BreadcrumbList","@id":"https:\/\/spanishwithpaula.com\/es\/primera-clase-gratuita\/#breadcrumb","itemListElement":[{"@type":"ListItem","position":1,"name":"Portada","item":"https:\/\/spanishwithpaula.com\/es\/"},{"@type":"ListItem","position":2,"name":"Primera Clase Gratuita"}]}]}},"_links":{"self":[{"href":"https:\/\/spanishwithpaula.com\/es\/wp-json\/wp\/v2\/pages\/2260"}],"collection":[{"href":"https:\/\/spanishwithpaula.com\/es\/wp-json\/wp\/v2\/pages"}],"about":[{"href":"https:\/\/spanishwithpaula.com\/es\/wp-json\/wp\/v2\/types\/page"}],"author":[{"embeddable":true,"href":"https:\/\/spanishwithpaula.com\/es\/wp-json\/wp\/v2\/users\/1"}],"replies":[{"embeddable":true,"href":"https:\/\/spanishwithpaula.com\/es\/wp-json\/wp\/v2\/comments?post=2260"}],"version-history":[{"count":17,"href":"https:\/\/spanishwithpaula.com\/es\/wp-json\/wp\/v2\/pages\/2260\/revisions"}],"predecessor-version":[{"id":3701,"href":"https:\/\/spanishwithpaula.com\/es\/wp-json\/wp\/v2\/pages\/2260\/revisions\/3701"}],"wp:attachment":[{"href":"https:\/\/spanishwithpaula.com\/es\/wp-json\/wp\/v2\/media?parent=2260"}],"curies":[{"name":"wp","href":"https:\/\/api.w.org\/{rel}","templated":true}]}}