{"id":2344,"date":"2021-02-28T17:18:17","date_gmt":"2021-02-28T17:18:17","guid":{"rendered":"https:\/\/spanishwithpaula.com\/inicio\/"},"modified":"2022-01-25T10:16:55","modified_gmt":"2022-01-25T10:16:55","slug":"inicio","status":"publish","type":"page","link":"https:\/\/spanishwithpaula.com\/es\/","title":{"rendered":"Inicio"},"content":{"rendered":"<p>[et_pb_section fb_built=\u00bb1&#8243; fullwidth=\u00bbon\u00bb _builder_version=\u00bb4.4.9&#8243; locked=\u00bboff\u00bb global_colors_info=\u00bb{}\u00bb][et_pb_fullwidth_slider _builder_version=\u00bb4.14.5&#8243; header_font_size=\u00bb40px\u00bb header_letter_spacing=\u00bb5px\u00bb body_font=\u00bbBarlow|800||on|||||\u00bb body_font_size=\u00bb40px\u00bb body_letter_spacing=\u00bb2px\u00bb body_line_height=\u00bb2em\u00bb background_enable_color=\u00bboff\u00bb custom_button=\u00bbon\u00bb button_text_color=\u00bb#f8f1f1&#8243; button_border_width=\u00bb1px\u00bb button_font=\u00bbRubik||||||||\u00bb button_icon=\u00bb%%20%%\u00bb z_index=\u00bb500&#8243; auto=\u00bbon\u00bb hover_enabled=\u00bb0&#8243; body_text_color_tablet=\u00bb\u00bb body_text_color_phone=\u00bb\u00bb body_text_color_last_edited=\u00bbon|desktop\u00bb global_colors_info=\u00bb{}\u00bb width=\u00bb100%\u00bb sticky_enabled=\u00bb0&#8243;][et_pb_slide heading=\u00bbAprende ESPA\u00d1OL\u00bb use_bg_overlay=\u00bboff\u00bb use_text_overlay=\u00bbon\u00bb arrows_custom_color=\u00bb#3a3e41&#8243; button_text_tablet=\u00bb\u00bb button_text_phone=\u00bb\u00bb button_text_last_edited=\u00bbon|phone\u00bb content_tablet=\u00bb<\/p>\n<h1 style=%22text-align: right;%22>CON TU PROFESOR NATIVO<\/h1>\n<p>\u00bb content_phone=\u00bb<\/p>\n<h1 style=%22text-align: right;%22>CON TU PROFESOR NATIVO<\/h1>\n<p>\u00bb content_last_edited=\u00bbon|tablet\u00bb _builder_version=\u00bb4.14.5&#8243; header_level=\u00bbh1&#8243; header_font=\u00bbBarlow|300||on|||||\u00bb header_text_align=\u00bbright\u00bb header_text_color=\u00bb#ffffff\u00bb header_font_size=\u00bb51px\u00bb header_letter_spacing=\u00bb2px\u00bb header_line_height=\u00bb-0.3em\u00bb body_font=\u00bbBarlow|300||on|||||\u00bb body_text_align=\u00bbright\u00bb body_text_color=\u00bb#ffffff\u00bb body_font_size=\u00bb43px\u00bb body_letter_spacing=\u00bb5px\u00bb body_line_height=\u00bb1.1em\u00bb background_image=\u00bbhttps:\/\/spanishwithpaula.com\/wp-content\/uploads\/2020\/07\/3.jpg\u00bb background_enable_image=\u00bbon\u00bb background_size=\u00bbinitial\u00bb text_orientation=\u00bbright\u00bb width=\u00bb45%\u00bb width_tablet=\u00bb45%\u00bb width_phone=\u00bb100%\u00bb width_last_edited=\u00bbon|phone\u00bb max_width=\u00bb100%\u00bb custom_padding=\u00bb283px||||false|false\u00bb hover_transition_duration=\u00bb100ms\u00bb hover_transition_speed_curve=\u00bbease-in-out\u00bb hover_enabled=\u00bb0&#8243; header_text_color_tablet=\u00bb\u00bb header_text_color_phone=\u00bb\u00bb header_text_color_last_edited=\u00bbon|phone\u00bb body_font_tablet=\u00bb\u00bb body_font_phone=\u00bb\u00bb body_font_last_edited=\u00bbon|desktop\u00bb body_text_color_tablet=\u00bb\u00bb body_text_color_phone=\u00bb\u00bb body_text_color_last_edited=\u00bbon|phone\u00bb global_colors_info=\u00bb{}\u00bb sticky_transition=\u00bbon\u00bb sticky_enabled=\u00bb0&#8243;]<\/p>\n<h1 style=\"text-align: right;\">CON TU PROFESOR NATIVO<\/h1>\n<p>[\/et_pb_slide][et_pb_slide use_bg_overlay=\u00bbon\u00bb use_text_overlay=\u00bbon\u00bb _builder_version=\u00bb4.14.5&#8243; header_level=\u00bbh2&#8243; header_font=\u00bbBarlow|500|||||||\u00bb header_text_color=\u00bb#ffffff\u00bb header_font_size=\u00bb46px\u00bb header_letter_spacing=\u00bb11px\u00bb header_line_height=\u00bb1.3em\u00bb body_font=\u00bbBarlow|300||on|||||\u00bb body_text_align=\u00bbright\u00bb body_text_color=\u00bb#ffffff\u00bb body_font_size=\u00bb30px\u00bb body_letter_spacing=\u00bb2px\u00bb body_line_height=\u00bb1.1em\u00bb background_image=\u00bbhttps:\/\/spanishwithpaula.com\/wp-content\/uploads\/2020\/07\/Dise\u00f1o-sin-t\u00edtulo-5.jpg\u00bb background_enable_image=\u00bbon\u00bb background_size=\u00bbinitial\u00bb custom_button=\u00bbon\u00bb button_text_color=\u00bb#ffffff\u00bb button_border_width=\u00bb3px\u00bb button_border_radius=\u00bb30px\u00bb button_letter_spacing=\u00bb1px\u00bb button_font=\u00bbBarlow|500|||||||\u00bb button_use_icon=\u00bbon\u00bb button_icon=\u00bb&#x35;||divi||400&#8243; text_orientation=\u00bbright\u00bb width=\u00bb100%\u00bb width_tablet=\u00bb45%\u00bb width_phone=\u00bb100%\u00bb width_last_edited=\u00bbon|phone\u00bb max_width=\u00bb100%\u00bb custom_padding=\u00bb||1px|0px|false|false\u00bb filter_brightness=\u00bb132%\u00bb mix_blend_mode=\u00bbdarken\u00bb hover_enabled=\u00bb0&#8243; header_font_size_tablet=\u00bb40px\u00bb header_font_size_phone=\u00bb35px\u00bb header_font_size_last_edited=\u00bbon|phone\u00bb global_colors_info=\u00bb{}\u00bb sticky_transition=\u00bbon\u00bb sticky_enabled=\u00bb0&#8243;]<\/p>\n<p style=\"text-align: right; padding-left: 90px;\">Tener otro idioma<\/p>\n<p style=\"text-align: right; padding-left: 60px;\">es poseer un segundo alma<\/p>\n<p>[\/et_pb_slide][et_pb_slide use_bg_overlay=\u00bbon\u00bb use_text_overlay=\u00bbon\u00bb _builder_version=\u00bb4.14.5&#8243; header_level=\u00bbh2&#8243; header_font=\u00bbBarlow|500|||||||\u00bb header_text_color=\u00bb#ffffff\u00bb header_font_size=\u00bb46px\u00bb header_letter_spacing=\u00bb6px\u00bb header_line_height=\u00bb1.2em\u00bb body_font=\u00bbBarlow|300||on|||||\u00bb body_text_align=\u00bbright\u00bb body_text_color=\u00bb#ffffff\u00bb body_font_size=\u00bb25px\u00bb body_letter_spacing=\u00bb2px\u00bb body_line_height=\u00bb1.1em\u00bb background_image=\u00bbhttps:\/\/spanishwithpaula.com\/wp-content\/uploads\/2020\/07\/11-1.jpg\u00bb background_enable_image=\u00bbon\u00bb background_position=\u00bbtop_center\u00bb custom_button=\u00bbon\u00bb button_text_color=\u00bb#ffffff\u00bb button_border_width=\u00bb3px\u00bb button_border_radius=\u00bb30px\u00bb button_letter_spacing=\u00bb1px\u00bb button_font=\u00bbBarlow|500|||||||\u00bb button_use_icon=\u00bbon\u00bb button_icon=\u00bb&#x35;||divi||400&#8243; text_orientation=\u00bbright\u00bb width=\u00bb100%\u00bb width_tablet=\u00bb45%\u00bb width_phone=\u00bb100%\u00bb width_last_edited=\u00bboff|phone\u00bb max_width=\u00bb100%\u00bb custom_padding=\u00bb||1px|0px|false|false\u00bb filter_brightness=\u00bb132%\u00bb mix_blend_mode=\u00bbdarken\u00bb hover_enabled=\u00bb0&#8243; header_font_size_tablet=\u00bb40px\u00bb header_font_size_phone=\u00bb35px\u00bb header_font_size_last_edited=\u00bbon|phone\u00bb global_colors_info=\u00bb{}\u00bb sticky_transition=\u00bbon\u00bb sticky_enabled=\u00bb0&#8243;]<\/p>\n<p style=\"text-align: right; padding-left: 90px;\">Cada estudiante es importante<\/p>\n<p style=\"text-align: right; padding-left: 60px;\">cada momento cuenta<\/p>\n<p>&nbsp;<\/p>\n<p>[\/et_pb_slide][\/et_pb_fullwidth_slider][\/et_pb_section][et_pb_section fb_built=\u00bb1&#8243; _builder_version=\u00bb4.4.9&#8243; background_enable_color=\u00bboff\u00bb background_enable_image=\u00bboff\u00bb custom_padding=\u00bb50px|||||\u00bb global_colors_info=\u00bb{}\u00bb][et_pb_row column_structure=\u00bb1_2,1_2&#8243; use_custom_gutter=\u00bbon\u00bb gutter_width=\u00bb1&#8243; _builder_version=\u00bb4.4.9&#8243; background_enable_color=\u00bboff\u00bb background_enable_image=\u00bboff\u00bb vertical_offset=\u00bb0px\u00bb width=\u00bb100%\u00bb max_width=\u00bb2560px\u00bb custom_margin=\u00bb0px||||false|false\u00bb global_colors_info=\u00bb{}\u00bb][et_pb_column type=\u00bb1_2&#8243; _builder_version=\u00bb4.4.9&#8243; vertical_offset=\u00bb-25px\u00bb horizontal_offset=\u00bb0px\u00bb z_index=\u00bb378&#8243; global_colors_info=\u00bb{}\u00bb][et_pb_image src=\u00bbhttps:\/\/spanishwithpaula.com\/wp-content\/uploads\/2020\/07\/kids-1093758_1920.jpg\u00bb title_text=\u00bbkids-1093758_1920&#8243; _builder_version=\u00bb4.14.5&#8243; global_colors_info=\u00bb{}\u00bb][\/et_pb_image][\/et_pb_column][et_pb_column type=\u00bb1_2&#8243; _builder_version=\u00bb4.4.9&#8243; global_colors_info=\u00bb{}\u00bb][et_pb_text _builder_version=\u00bb4.4.9&#8243; text_font=\u00bbBarlow||||||||\u00bb text_font_size=\u00bb37px\u00bb text_letter_spacing=\u00bb3px\u00bb text_line_height=\u00bb1.5em\u00bb global_colors_info=\u00bb{}\u00bb]<\/p>\n<p style=\"text-align: center;\">ESPA\u00d1OL PARA NI\u00d1OS Y ADOLESCENTES<\/p>\n<p>[\/et_pb_text][et_pb_button button_url=\u00bb@ET-DC@eyJkeW5hbWljIjp0cnVlLCJjb250ZW50IjoicG9zdF9saW5rX3VybF9wYWdlIiwic2V0dGluZ3MiOnsicG9zdF9pZCI6IjExOTMifX0=@\u00bb button_text=\u00bbM\u00e1s informaci\u00f3n \u00bb button_alignment=\u00bbcenter\u00bb _builder_version=\u00bb4.13.0&#8243; _dynamic_attributes=\u00bbbutton_url\u00bb custom_button=\u00bbon\u00bb button_text_color=\u00bb#325061&#8243; button_border_radius=\u00bb27px\u00bb button_letter_spacing=\u00bb1px\u00bb button_font=\u00bbPoppins||||||||\u00bb button_icon=\u00bb&#x35;||divi||400&#8243; custom_margin=\u00bb50px||||false|false\u00bb global_colors_info=\u00bb{}\u00bb][\/et_pb_button][\/et_pb_column][\/et_pb_row][et_pb_row column_structure=\u00bb1_2,1_2&#8243; use_custom_gutter=\u00bbon\u00bb gutter_width=\u00bb1&#8243; _builder_version=\u00bb4.4.9&#8243; background_enable_color=\u00bboff\u00bb background_enable_image=\u00bboff\u00bb vertical_offset=\u00bb0px\u00bb width=\u00bb100%\u00bb max_width=\u00bb2560px\u00bb custom_margin=\u00bb0px||||false|false\u00bb global_colors_info=\u00bb{}\u00bb][et_pb_column type=\u00bb1_2&#8243; _builder_version=\u00bb4.4.9&#8243; vertical_offset=\u00bb-25px\u00bb horizontal_offset=\u00bb0px\u00bb z_index=\u00bb378&#8243; global_colors_info=\u00bb{}\u00bb][et_pb_text _builder_version=\u00bb4.4.9&#8243; text_font=\u00bbBarlow||||||||\u00bb text_font_size=\u00bb37px\u00bb text_letter_spacing=\u00bb3px\u00bb text_line_height=\u00bb1.5em\u00bb global_colors_info=\u00bb{}\u00bb]<\/p>\n<p style=\"text-align: center;\">\n<p style=\"text-align: center;\">\n<p style=\"text-align: center;\">\n<p style=\"text-align: center;\">ESPA\u00d1OL PARA ADULTOS<\/p>\n<p>[\/et_pb_text][et_pb_button button_url=\u00bb@ET-DC@eyJkeW5hbWljIjp0cnVlLCJjb250ZW50IjoicG9zdF9saW5rX3VybF9wYWdlIiwic2V0dGluZ3MiOnsicG9zdF9pZCI6IjEyMTMifX0=@\u00bb button_text=\u00bbM\u00e1s informaci\u00f3n \u00bb button_alignment=\u00bbcenter\u00bb _builder_version=\u00bb4.13.0&#8243; _dynamic_attributes=\u00bbbutton_url\u00bb custom_button=\u00bbon\u00bb button_text_color=\u00bb#325061&#8243; button_border_radius=\u00bb27px\u00bb button_letter_spacing=\u00bb1px\u00bb button_font=\u00bbPoppins||||||||\u00bb button_icon=\u00bb&#x35;||divi||400&#8243; custom_margin=\u00bb50px||||false|false\u00bb global_colors_info=\u00bb{}\u00bb][\/et_pb_button][\/et_pb_column][et_pb_column type=\u00bb1_2&#8243; _builder_version=\u00bb4.4.9&#8243; global_colors_info=\u00bb{}\u00bb][et_pb_image src=\u00bbhttps:\/\/spanishwithpaula.com\/wp-content\/uploads\/2020\/07\/4.jpg\u00bb title_text=\u00bb4&#8243; _builder_version=\u00bb4.4.9&#8243; global_colors_info=\u00bb{}\u00bb][\/et_pb_image][\/et_pb_column][\/et_pb_row][\/et_pb_section][et_pb_section fb_built=\u00bb1&#8243; fullwidth=\u00bbon\u00bb _builder_version=\u00bb4.4.9&#8243; global_colors_info=\u00bb{}\u00bb][et_pb_fullwidth_header title=\u00bbPRUEBA PRIMERO UNA CLASE GRATUITA\u00bb text_orientation=\u00bbcenter\u00bb button_one_text=\u00bbRegistrate aqu\u00ed\u00bb button_one_url=\u00bbhttps:\/\/spanishwithpaula.com\/es\/contacto\/\u00bb _builder_version=\u00bb4.4.9&#8243; title_level=\u00bbh3&#8243; title_font=\u00bbBarlow|300|||||||\u00bb title_text_align=\u00bbcenter\u00bb title_font_size=\u00bb64px\u00bb title_letter_spacing=\u00bb2px\u00bb title_line_height=\u00bb1.1em\u00bb background_color=\u00bb#61a598&#8243; custom_button_one=\u00bbon\u00bb button_one_text_size=\u00bb28px\u00bb button_one_text_color=\u00bb#61a598&#8243; button_one_bg_color=\u00bb#ffffff\u00bb button_one_border_width=\u00bb0px\u00bb button_one_border_radius=\u00bb48px\u00bb button_one_letter_spacing=\u00bb1px\u00bb button_one_font=\u00bbBarlow|300|||||||\u00bb global_colors_info=\u00bb{}\u00bb][\/et_pb_fullwidth_header][\/et_pb_section][et_pb_section fb_built=\u00bb1&#8243; _builder_version=\u00bb4.4.9&#8243; background_color=\u00bb#e2e5ee\u00bb background_enable_image=\u00bboff\u00bb global_colors_info=\u00bb{}\u00bb][et_pb_row _builder_version=\u00bb4.4.9&#8243; global_colors_info=\u00bb{}\u00bb][et_pb_column type=\u00bb4_4&#8243; _builder_version=\u00bb4.4.9&#8243; global_colors_info=\u00bb{}\u00bb][et_pb_text _builder_version=\u00bb4.4.9&#8243; header_5_font=\u00bbBarlow|300|||||||\u00bb header_5_font_size=\u00bb70px\u00bb global_colors_info=\u00bb{}\u00bb]<\/p>\n<h5 style=\"text-align: center;\">\u00bfPor qu\u00e9 aprender espa\u00f1ol?<\/h5>\n<p>[\/et_pb_text][\/et_pb_column][\/et_pb_row][et_pb_row _builder_version=\u00bb4.4.9&#8243; global_colors_info=\u00bb{}\u00bb][et_pb_column type=\u00bb4_4&#8243; _builder_version=\u00bb4.4.9&#8243; global_colors_info=\u00bb{}\u00bb][et_pb_slider use_text_overlay=\u00bbon\u00bb _builder_version=\u00bb4.14.5&#8243; header_font=\u00bbBarlow|300|||||||\u00bb header_font_size=\u00bb52px\u00bb body_font=\u00bbBarlow|300|||||||\u00bb body_font_size=\u00bb20px\u00bb custom_margin=\u00bb||||false|false\u00bb custom_padding=\u00bb300px||50%||false|false\u00bb auto=\u00bbon\u00bb global_colors_info=\u00bb{}\u00bb][et_pb_slide heading=\u00bbFuturas Oportunidades Laborales\u00bb _builder_version=\u00bb4.14.5&#8243; header_font_size=\u00bb27px\u00bb header_line_height=\u00bb1.1em\u00bb body_letter_spacing=\u00bb-1px\u00bb body_line_height=\u00bb1.2em\u00bb background_image=\u00bbhttps:\/\/spanishwithpaula.com\/wp-content\/uploads\/2020\/07\/3-1.jpg\u00bb background_enable_image=\u00bbon\u00bb background_position=\u00bbbottom_center\u00bb global_colors_info=\u00bb{}\u00bb sticky_transition=\u00bbon\u00bb]<\/p>\n<p>El espa\u00f1ol es la segunda lengua m\u00e1s hablada del mundo.<\/p>\n<p>Puede abrirte muchas oportunidades en un futuro.<\/p>\n<p>[\/et_pb_slide][et_pb_slide heading=\u00bbPara los negocios\u00bb _builder_version=\u00bb4.14.5&#8243; header_font_size=\u00bb45px\u00bb header_line_height=\u00bb1.1em\u00bb body_letter_spacing=\u00bb-1px\u00bb body_line_height=\u00bb1.2em\u00bb background_image=\u00bbhttps:\/\/spanishwithpaula.com\/wp-content\/uploads\/2020\/07\/26.jpg\u00bb background_enable_image=\u00bbon\u00bb global_colors_info=\u00bb{}\u00bb sticky_transition=\u00bbon\u00bb]<\/p>\n<p>\u00bfNecesitas espa\u00f1ol por asuntos laborales o por temas de negocios?<\/p>\n<p>Puedo ayudarte con una clase personalizada on line enfocada a tus necesidades profesionales.<\/p>\n<p>[\/et_pb_slide][et_pb_slide heading=\u00bbPor uni\u00f3n familiar\u00bb _builder_version=\u00bb4.4.9&#8243; header_letter_spacing=\u00bb0px\u00bb header_line_height=\u00bb1.1em\u00bb body_letter_spacing=\u00bb-1px\u00bb body_line_height=\u00bb1.2em\u00bb background_image=\u00bbhttps:\/\/spanishwithpaula.com\/wp-content\/uploads\/2020\/07\/18.jpg\u00bb background_enable_image=\u00bbon\u00bb global_colors_info=\u00bb{}\u00bb sticky_transition=\u00bbon\u00bb]<\/p>\n<p>Tienes un v\u00ednculo con espa\u00f1oles y quieres poder tener una conversaci\u00f3n en espa\u00f1ol.<\/p>\n<p>&nbsp;<\/p>\n<p>[\/et_pb_slide][et_pb_slide heading=\u00bbPara viajar\u00bb _builder_version=\u00bb4.14.5&#8243; header_font_size=\u00bb50px\u00bb header_letter_spacing=\u00bb1px\u00bb header_line_height=\u00bb1.1em\u00bb body_letter_spacing=\u00bb-1px\u00bb body_line_height=\u00bb1.2em\u00bb background_image=\u00bbhttps:\/\/spanishwithpaula.com\/wp-content\/uploads\/2020\/07\/El-texto-del-p\u00e1rrafo.jpg\u00bb background_enable_image=\u00bbon\u00bb global_colors_info=\u00bb{}\u00bb sticky_transition=\u00bbon\u00bb]<\/p>\n<p>Te gusta viajar a pa\u00edses de habla hispana y quieres poder mantener una conversaci\u00f3n con la poblaci\u00f3n local.<\/p>\n<p>&nbsp;<\/p>\n<p>[\/et_pb_slide][\/et_pb_slider][\/et_pb_column][\/et_pb_row][\/et_pb_section][et_pb_section fb_built=\u00bb1&#8243; fullwidth=\u00bbon\u00bb _builder_version=\u00bb4.4.9&#8243; global_colors_info=\u00bb{}\u00bb][\/et_pb_section]<\/p>\n","protected":false},"excerpt":{"rendered":"<p>CON TU PROFESOR NATIVOTener otro idioma es poseer un segundo almaCada estudiante es importante cada momento cuenta &nbsp;ESPA\u00d1OL PARA NI\u00d1OS Y ADOLESCENTES ESPA\u00d1OL PARA ADULTOS\u00bfPor qu\u00e9 aprender espa\u00f1ol?El espa\u00f1ol es la segunda lengua m\u00e1s hablada del mundo. Puede abrirte muchas oportunidades en un futuro.\u00bfNecesitas espa\u00f1ol por asuntos laborales o por temas de negocios? Puedo ayudarte [&hellip;]<\/p>\n","protected":false},"author":1,"featured_media":0,"parent":0,"menu_order":0,"comment_status":"closed","ping_status":"closed","template":"","meta":{"_et_pb_use_builder":"on","_et_pb_old_content":"","_et_gb_content_width":""},"yoast_head":"<!-- This site is optimized with the Yoast SEO plugin v19.2 - https:\/\/yoast.com\/wordpress\/plugins\/seo\/ -->\n<title>Inicio | Spanish with Paula<\/title>\n<meta name=\"robots\" content=\"index, follow, max-snippet:-1, max-image-preview:large, max-video-preview:-1\" \/>\n<link rel=\"canonical\" href=\"https:\/\/spanishwithpaula.com\/es\/\" \/>\n<meta property=\"og:locale\" content=\"es_ES\" \/>\n<meta property=\"og:type\" content=\"article\" \/>\n<meta property=\"og:title\" content=\"Inicio | Spanish with Paula\" \/>\n<meta property=\"og:description\" content=\"CON TU PROFESOR NATIVOTener otro idioma es poseer un segundo almaCada estudiante es importante cada momento cuenta &nbsp;ESPA\u00d1OL PARA NI\u00d1OS Y ADOLESCENTES ESPA\u00d1OL PARA ADULTOS\u00bfPor qu\u00e9 aprender espa\u00f1ol?El espa\u00f1ol es la segunda lengua m\u00e1s hablada del mundo. Puede abrirte muchas oportunidades en un futuro.\u00bfNecesitas espa\u00f1ol por asuntos laborales o por temas de negocios? Puedo ayudarte [&hellip;]\" \/>\n<meta property=\"og:url\" content=\"https:\/\/spanishwithpaula.com\/es\/\" \/>\n<meta property=\"og:site_name\" content=\"Spanish with Paula\" \/>\n<meta property=\"article:modified_time\" content=\"2022-01-25T10:16:55+00:00\" \/>\n<meta name=\"author\" content=\"admin\" \/>\n<meta name=\"twitter:card\" content=\"summary_large_image\" \/>\n<meta name=\"twitter:label1\" content=\"Tiempo de lectura\" \/>\n\t<meta name=\"twitter:data1\" content=\"8 minutos\" \/>\n<script type=\"application\/ld+json\" class=\"yoast-schema-graph\">{\"@context\":\"https:\/\/schema.org\",\"@graph\":[{\"@type\":\"Organization\",\"@id\":\"https:\/\/spanishwithpaula.com\/#organization\",\"name\":\"Spanish with Paula\",\"url\":\"https:\/\/spanishwithpaula.com\/\",\"sameAs\":[],\"logo\":{\"@type\":\"ImageObject\",\"inLanguage\":\"es\",\"@id\":\"https:\/\/spanishwithpaula.com\/#\/schema\/logo\/image\/\",\"url\":\"https:\/\/spanishwithpaula.com\/wp-content\/uploads\/2020\/08\/About-me-finish.jpg\",\"contentUrl\":\"https:\/\/spanishwithpaula.com\/wp-content\/uploads\/2020\/08\/About-me-finish.jpg\",\"width\":600,\"height\":300,\"caption\":\"Spanish with Paula\"},\"image\":{\"@id\":\"https:\/\/spanishwithpaula.com\/#\/schema\/logo\/image\/\"}},{\"@type\":\"WebSite\",\"@id\":\"https:\/\/spanishwithpaula.com\/#website\",\"url\":\"https:\/\/spanishwithpaula.com\/\",\"name\":\"Spanish with Paula\",\"description\":\"Learn Spanish online\",\"publisher\":{\"@id\":\"https:\/\/spanishwithpaula.com\/#organization\"},\"potentialAction\":[{\"@type\":\"SearchAction\",\"target\":{\"@type\":\"EntryPoint\",\"urlTemplate\":\"https:\/\/spanishwithpaula.com\/?s={search_term_string}\"},\"query-input\":\"required name=search_term_string\"}],\"inLanguage\":\"es\"},{\"@type\":\"WebPage\",\"@id\":\"https:\/\/spanishwithpaula.com\/es\/#webpage\",\"url\":\"https:\/\/spanishwithpaula.com\/es\/\",\"name\":\"Inicio | Spanish with Paula\",\"isPartOf\":{\"@id\":\"https:\/\/spanishwithpaula.com\/#website\"},\"datePublished\":\"2021-02-28T17:18:17+00:00\",\"dateModified\":\"2022-01-25T10:16:55+00:00\",\"breadcrumb\":{\"@id\":\"https:\/\/spanishwithpaula.com\/es\/#breadcrumb\"},\"inLanguage\":\"es\",\"potentialAction\":[{\"@type\":\"ReadAction\",\"target\":[\"https:\/\/spanishwithpaula.com\/es\/\"]}]},{\"@type\":\"BreadcrumbList\",\"@id\":\"https:\/\/spanishwithpaula.com\/es\/#breadcrumb\",\"itemListElement\":[{\"@type\":\"ListItem\",\"position\":1,\"name\":\"Portada\",\"item\":\"https:\/\/spanishwithpaula.com\/es\/\"},{\"@type\":\"ListItem\",\"position\":2,\"name\":\"Inicio\"}]}]}<\/script>\n<!-- \/ Yoast SEO plugin. -->","yoast_head_json":{"title":"Inicio | Spanish with Paula","robots":{"index":"index","follow":"follow","max-snippet":"max-snippet:-1","max-image-preview":"max-image-preview:large","max-video-preview":"max-video-preview:-1"},"canonical":"https:\/\/spanishwithpaula.com\/es\/","og_locale":"es_ES","og_type":"article","og_title":"Inicio | Spanish with Paula","og_description":"CON TU PROFESOR NATIVOTener otro idioma es poseer un segundo almaCada estudiante es importante cada momento cuenta &nbsp;ESPA\u00d1OL PARA NI\u00d1OS Y ADOLESCENTES ESPA\u00d1OL PARA ADULTOS\u00bfPor qu\u00e9 aprender espa\u00f1ol?El espa\u00f1ol es la segunda lengua m\u00e1s hablada del mundo. Puede abrirte muchas oportunidades en un futuro.\u00bfNecesitas espa\u00f1ol por asuntos laborales o por temas de negocios? Puedo ayudarte [&hellip;]","og_url":"https:\/\/spanishwithpaula.com\/es\/","og_site_name":"Spanish with Paula","article_modified_time":"2022-01-25T10:16:55+00:00","author":"admin","twitter_card":"summary_large_image","twitter_misc":{"Tiempo de lectura":"8 minutos"},"schema":{"@context":"https:\/\/schema.org","@graph":[{"@type":"Organization","@id":"https:\/\/spanishwithpaula.com\/#organization","name":"Spanish with Paula","url":"https:\/\/spanishwithpaula.com\/","sameAs":[],"logo":{"@type":"ImageObject","inLanguage":"es","@id":"https:\/\/spanishwithpaula.com\/#\/schema\/logo\/image\/","url":"https:\/\/spanishwithpaula.com\/wp-content\/uploads\/2020\/08\/About-me-finish.jpg","contentUrl":"https:\/\/spanishwithpaula.com\/wp-content\/uploads\/2020\/08\/About-me-finish.jpg","width":600,"height":300,"caption":"Spanish with Paula"},"image":{"@id":"https:\/\/spanishwithpaula.com\/#\/schema\/logo\/image\/"}},{"@type":"WebSite","@id":"https:\/\/spanishwithpaula.com\/#website","url":"https:\/\/spanishwithpaula.com\/","name":"Spanish with Paula","description":"Learn Spanish online","publisher":{"@id":"https:\/\/spanishwithpaula.com\/#organization"},"potentialAction":[{"@type":"SearchAction","target":{"@type":"EntryPoint","urlTemplate":"https:\/\/spanishwithpaula.com\/?s={search_term_string}"},"query-input":"required name=search_term_string"}],"inLanguage":"es"},{"@type":"WebPage","@id":"https:\/\/spanishwithpaula.com\/es\/#webpage","url":"https:\/\/spanishwithpaula.com\/es\/","name":"Inicio | Spanish with Paula","isPartOf":{"@id":"https:\/\/spanishwithpaula.com\/#website"},"datePublished":"2021-02-28T17:18:17+00:00","dateModified":"2022-01-25T10:16:55+00:00","breadcrumb":{"@id":"https:\/\/spanishwithpaula.com\/es\/#breadcrumb"},"inLanguage":"es","potentialAction":[{"@type":"ReadAction","target":["https:\/\/spanishwithpaula.com\/es\/"]}]},{"@type":"BreadcrumbList","@id":"https:\/\/spanishwithpaula.com\/es\/#breadcrumb","itemListElement":[{"@type":"ListItem","position":1,"name":"Portada","item":"https:\/\/spanishwithpaula.com\/es\/"},{"@type":"ListItem","position":2,"name":"Inicio"}]}]}},"_links":{"self":[{"href":"https:\/\/spanishwithpaula.com\/es\/wp-json\/wp\/v2\/pages\/2344"}],"collection":[{"href":"https:\/\/spanishwithpaula.com\/es\/wp-json\/wp\/v2\/pages"}],"about":[{"href":"https:\/\/spanishwithpaula.com\/es\/wp-json\/wp\/v2\/types\/page"}],"author":[{"embeddable":true,"href":"https:\/\/spanishwithpaula.com\/es\/wp-json\/wp\/v2\/users\/1"}],"replies":[{"embeddable":true,"href":"https:\/\/spanishwithpaula.com\/es\/wp-json\/wp\/v2\/comments?post=2344"}],"version-history":[{"count":82,"href":"https:\/\/spanishwithpaula.com\/es\/wp-json\/wp\/v2\/pages\/2344\/revisions"}],"predecessor-version":[{"id":4052,"href":"https:\/\/spanishwithpaula.com\/es\/wp-json\/wp\/v2\/pages\/2344\/revisions\/4052"}],"wp:attachment":[{"href":"https:\/\/spanishwithpaula.com\/es\/wp-json\/wp\/v2\/media?parent=2344"}],"curies":[{"name":"wp","href":"https:\/\/api.w.org\/{rel}","templated":true}]}}