{"id":2410,"date":"2021-03-01T11:20:43","date_gmt":"2021-03-01T11:20:43","guid":{"rendered":"https:\/\/spanishwithpaula.com\/info-metodo-de-ensenanza-adultos\/"},"modified":"2021-03-01T16:32:53","modified_gmt":"2021-03-01T16:32:53","slug":"info-metodo-de-ensenanza-adultos","status":"publish","type":"page","link":"https:\/\/spanishwithpaula.com\/es\/info-metodo-de-ensenanza-adultos\/","title":{"rendered":"Info M\u00e9todo de Ense\u00f1anza Adultos"},"content":{"rendered":"<p>[et_pb_section fb_built=\u00bb1&#8243; _builder_version=\u00bb4.4.9&#8243;][et_pb_row _builder_version=\u00bb4.4.9&#8243; background_image=\u00bbhttps:\/\/spanishwithpaula.com\/wp-content\/uploads\/2020\/07\/Dise\u00f1o-sin-t\u00edtulo-7-1.jpg\u00bb][et_pb_column type=\u00bb4_4&#8243; _builder_version=\u00bb4.4.9&#8243;][et_pb_text content_tablet=\u00bb\u00bb content_phone=\u00bb<\/p>\n<h5><\/h5>\n<h6><\/h6>\n<\/p>\n<h5>INFO M\u00c9TODO DE ENSE\u00d1ANZA ADULTOS<\/h5>\n<\/p>\n<\/p>\n<p>\u00bb content_last_edited=\u00bbon|phone\u00bb _builder_version=\u00bb4.4.9&#8243; text_font=\u00bbBarlow|300|||||||\u00bb header_font=\u00bbBarlow||||||||\u00bb header_text_color=\u00bb#e2e5ee\u00bb header_5_font=\u00bbBarlow|300|||||||\u00bb header_5_text_align=\u00bbcenter\u00bb header_5_text_color=\u00bb#325061&#8243; header_5_font_size=\u00bb40px\u00bb header_5_letter_spacing=\u00bb1px\u00bb header_5_line_height=\u00bb1.1em\u00bb header_6_font=\u00bb|300|||||||\u00bb header_6_text_align=\u00bbcenter\u00bb header_6_text_color=\u00bb#e2e5ee\u00bb header_6_font_size=\u00bb45px\u00bb header_6_letter_spacing=\u00bb1px\u00bb header_6_line_height=\u00bb1.1em\u00bb background_color=\u00bbrgba(0,0,0,0)\u00bb transform_scale=\u00bb155%|155%\u00bb animation_style=\u00bbzoom\u00bb]<\/p>\n<h6><\/h6>\n<h6><\/h6>\n<p>&nbsp;<\/p>\n<h5>INFO M\u00c9TODO DE ENSE\u00d1ANZA ADULTOS <\/h5>\n<p>&nbsp;<\/p>\n<p>&nbsp;<\/p>\n<p>&nbsp;<\/p>\n<p>[\/et_pb_text][\/et_pb_column][\/et_pb_row][et_pb_row _builder_version=\u00bb4.4.9&#8243;][et_pb_column type=\u00bb4_4&#8243; _builder_version=\u00bb4.4.9&#8243;][et_pb_divider show_divider=\u00bboff\u00bb _builder_version=\u00bb4.4.9&#8243;][\/et_pb_divider][\/et_pb_column][\/et_pb_row][et_pb_row _builder_version=\u00bb4.4.9&#8243;][et_pb_column type=\u00bb4_4&#8243; _builder_version=\u00bb4.4.9&#8243;][et_pb_text _builder_version=\u00bb4.4.9&#8243; text_font=\u00bbBarlow|300|||||||\u00bb text_font_size=\u00bb20px\u00bb text_letter_spacing=\u00bb1px\u00bb text_line_height=\u00bb1.5em\u00bb]<\/p>\n<p>Con los estudiantes adultos me gusta conocer en primer lugar la raz\u00f3n por la que quieren aprender espa\u00f1ol, y el nivel de espa\u00f1ol que tienen.<\/p>\n<p>Necesitas aprender el espa\u00f1ol por motivos personales o por motivos comerciales.<\/p>\n<p>\u00bfQuieres aprender espa\u00f1ol porque quieres aprender un nuevo idioma, o quieres aprender espa\u00f1ol para cuando vayas de vacaciones poder ir de compras, o para pedir un caf\u00e9 en una terraza?<\/p>\n<p>\u00bfNecesitas un espa\u00f1ol m\u00e1s espec\u00edfico porque lo necesitas para tu trabajo, por razones comerciales o para negociar?<\/p>\n<p>Con mis estudiantes adultos utilizo diferentes metodolog\u00edas dependiendo de las necesidades, de la capacidad y del nivel de cada estudiante.<\/p>\n<p>Todos somos personas diferentes y todos aprendemos de una manera diferente. As\u00ed que es muy importante centrarse en cada estudiante individualmente.<\/p>\n<p>Mediante art\u00edculos de revistas o peri\u00f3dicos, flash cards, dados para contar historias, etc. las clases pueden ser muy divertidas y contribuir mucho a nuestro proceso de aprendizaje. Tambi\u00e9n es muy importante interactuar, intercambiar opiniones, aficiones, culturas y costumbres.<\/p>\n<p>Mi objetivo principal es hablar, pronunciar, escuchar y reconocer&#8230; despu\u00e9s de todo, eso es lo m\u00e1s importante en la comunicaci\u00f3n e interacci\u00f3n con gente. Pero tampoco nos olvidamos de la parte gramatical, siempre teniendo en cuenta el nivel individual de cada alumno, porque es una parte esencial para hablar y escribir correctamente en el idioma.<\/p>\n<p>Al tener conversaciones perdemos miedo y ganamos fluidez y confianza en nuestro nuevo idioma.<\/p>\n<p>[\/et_pb_text][et_pb_text content_tablet=\u00bb<\/p>\n<h3 style=\"%22text-align:\" center=\"\">As\u00ed que&#8230;..\u00bf A qu\u00e9 esperas???<\/h3>\n<p>\u00bb content_phone=\u00bb<\/p>\n<h3 style=\"%22text-align:\" center=\"\">As\u00ed que&#8230;..\u00bf A qu\u00e9 esperas???<\/h3>\n<p>\u00bb content_last_edited=\u00bbon|tablet\u00bb _builder_version=\u00bb4.4.9&#8243; text_font=\u00bbBarlow|300|||||||\u00bb text_font_size=\u00bb50px\u00bb header_3_font=\u00bbBarlow|300|||||||\u00bb header_3_text_color=\u00bb#325061&#8243; header_3_font_size=\u00bb40px\u00bb header_3_letter_spacing=\u00bb1px\u00bb header_3_line_height=\u00bb1.2em\u00bb text_font_size_tablet=\u00bb\u00bb text_font_size_phone=\u00bb47px\u00bb text_font_size_last_edited=\u00bbon|phone\u00bb header_3_font_size_tablet=\u00bb35px\u00bb header_3_font_size_phone=\u00bb30px\u00bb header_3_font_size_last_edited=\u00bbon|phone\u00bb]<\/p>\n<h3 style=\"text-align: center;\">As\u00ed que&#8230;..\u00bf A qu\u00e9 esperas???<\/h3>\n<h3 style=\"text-align: center;\"><\/h3>\n<p>[\/et_pb_text][et_pb_text _builder_version=\u00bb4.4.9&#8243; header_3_font=\u00bbmadelyn||||||||\u00bb header_3_text_color=\u00bb#61a598&#8243; header_3_font_size=\u00bb63px\u00bb header_3_letter_spacing=\u00bb1px\u00bb header_3_line_height=\u00bb1.7em\u00bb header_3_font_tablet=\u00bb\u00bb header_3_font_phone=\u00bb\u00bb header_3_font_last_edited=\u00bbon|desktop\u00bb header_3_font_size_tablet=\u00bb63px\u00bb header_3_font_size_phone=\u00bb\u00bb header_3_font_size_last_edited=\u00bbon|tablet\u00bb]<\/p>\n<h3 style=\"text-align: center;\">Let\u2019s start to enjoy ESPA\u00d1OL!<\/h3>\n<p>&nbsp;<\/p>\n<p>[\/et_pb_text][et_pb_divider show_divider=\u00bboff\u00bb _builder_version=\u00bb4.4.9&#8243;][\/et_pb_divider][\/et_pb_column][\/et_pb_row][\/et_pb_section]<\/p>\n","protected":false},"excerpt":{"rendered":"<p>&nbsp; INFO M\u00c9TODO DE ENSE\u00d1ANZA ADULTOS &nbsp; &nbsp; &nbsp;Con los estudiantes adultos me gusta conocer en primer lugar la raz\u00f3n por la que quieren aprender espa\u00f1ol, y el nivel de espa\u00f1ol que tienen. Necesitas aprender el espa\u00f1ol por motivos personales o por motivos comerciales. \u00bfQuieres aprender espa\u00f1ol porque quieres aprender un nuevo idioma, o quieres [&hellip;]<\/p>\n","protected":false},"author":1,"featured_media":0,"parent":0,"menu_order":0,"comment_status":"closed","ping_status":"closed","template":"","meta":{"_et_pb_use_builder":"on","_et_pb_old_content":"","_et_gb_content_width":""},"yoast_head":"<!-- This site is optimized with the Yoast SEO plugin v19.2 - https:\/\/yoast.com\/wordpress\/plugins\/seo\/ -->\n<title>Info M\u00e9todo de Ense\u00f1anza Adultos | Spanish with Paula<\/title>\n<meta name=\"robots\" content=\"index, follow, max-snippet:-1, max-image-preview:large, max-video-preview:-1\" \/>\n<link rel=\"canonical\" href=\"https:\/\/spanishwithpaula.com\/es\/info-metodo-de-ensenanza-adultos\/\" \/>\n<meta property=\"og:locale\" content=\"es_ES\" \/>\n<meta property=\"og:type\" content=\"article\" \/>\n<meta property=\"og:title\" content=\"Info M\u00e9todo de Ense\u00f1anza Adultos | Spanish with Paula\" \/>\n<meta property=\"og:description\" content=\"&nbsp; INFO M\u00c9TODO DE ENSE\u00d1ANZA ADULTOS &nbsp; &nbsp; &nbsp;Con los estudiantes adultos me gusta conocer en primer lugar la raz\u00f3n por la que quieren aprender espa\u00f1ol, y el nivel de espa\u00f1ol que tienen. Necesitas aprender el espa\u00f1ol por motivos personales o por motivos comerciales. \u00bfQuieres aprender espa\u00f1ol porque quieres aprender un nuevo idioma, o quieres [&hellip;]\" \/>\n<meta property=\"og:url\" content=\"https:\/\/spanishwithpaula.com\/es\/info-metodo-de-ensenanza-adultos\/\" \/>\n<meta property=\"og:site_name\" content=\"Spanish with Paula\" \/>\n<meta property=\"article:modified_time\" content=\"2021-03-01T16:32:53+00:00\" \/>\n<meta name=\"author\" content=\"admin\" \/>\n<meta name=\"twitter:card\" content=\"summary_large_image\" \/>\n<meta name=\"twitter:label1\" content=\"Tiempo de lectura\" \/>\n\t<meta name=\"twitter:data1\" content=\"3 minutos\" \/>\n<script type=\"application\/ld+json\" class=\"yoast-schema-graph\">{\"@context\":\"https:\/\/schema.org\",\"@graph\":[{\"@type\":\"Organization\",\"@id\":\"https:\/\/spanishwithpaula.com\/#organization\",\"name\":\"Spanish with Paula\",\"url\":\"https:\/\/spanishwithpaula.com\/\",\"sameAs\":[],\"logo\":{\"@type\":\"ImageObject\",\"inLanguage\":\"es\",\"@id\":\"https:\/\/spanishwithpaula.com\/#\/schema\/logo\/image\/\",\"url\":\"https:\/\/spanishwithpaula.com\/wp-content\/uploads\/2020\/08\/About-me-finish.jpg\",\"contentUrl\":\"https:\/\/spanishwithpaula.com\/wp-content\/uploads\/2020\/08\/About-me-finish.jpg\",\"width\":600,\"height\":300,\"caption\":\"Spanish with Paula\"},\"image\":{\"@id\":\"https:\/\/spanishwithpaula.com\/#\/schema\/logo\/image\/\"}},{\"@type\":\"WebSite\",\"@id\":\"https:\/\/spanishwithpaula.com\/#website\",\"url\":\"https:\/\/spanishwithpaula.com\/\",\"name\":\"Spanish with Paula\",\"description\":\"Learn Spanish online\",\"publisher\":{\"@id\":\"https:\/\/spanishwithpaula.com\/#organization\"},\"potentialAction\":[{\"@type\":\"SearchAction\",\"target\":{\"@type\":\"EntryPoint\",\"urlTemplate\":\"https:\/\/spanishwithpaula.com\/?s={search_term_string}\"},\"query-input\":\"required name=search_term_string\"}],\"inLanguage\":\"es\"},{\"@type\":\"WebPage\",\"@id\":\"https:\/\/spanishwithpaula.com\/es\/info-metodo-de-ensenanza-adultos\/#webpage\",\"url\":\"https:\/\/spanishwithpaula.com\/es\/info-metodo-de-ensenanza-adultos\/\",\"name\":\"Info M\u00e9todo de Ense\u00f1anza Adultos | Spanish with Paula\",\"isPartOf\":{\"@id\":\"https:\/\/spanishwithpaula.com\/#website\"},\"datePublished\":\"2021-03-01T11:20:43+00:00\",\"dateModified\":\"2021-03-01T16:32:53+00:00\",\"breadcrumb\":{\"@id\":\"https:\/\/spanishwithpaula.com\/es\/info-metodo-de-ensenanza-adultos\/#breadcrumb\"},\"inLanguage\":\"es\",\"potentialAction\":[{\"@type\":\"ReadAction\",\"target\":[\"https:\/\/spanishwithpaula.com\/es\/info-metodo-de-ensenanza-adultos\/\"]}]},{\"@type\":\"BreadcrumbList\",\"@id\":\"https:\/\/spanishwithpaula.com\/es\/info-metodo-de-ensenanza-adultos\/#breadcrumb\",\"itemListElement\":[{\"@type\":\"ListItem\",\"position\":1,\"name\":\"Portada\",\"item\":\"https:\/\/spanishwithpaula.com\/es\/\"},{\"@type\":\"ListItem\",\"position\":2,\"name\":\"Info M\u00e9todo de Ense\u00f1anza Adultos\"}]}]}<\/script>\n<!-- \/ Yoast SEO plugin. -->","yoast_head_json":{"title":"Info M\u00e9todo de Ense\u00f1anza Adultos | Spanish with Paula","robots":{"index":"index","follow":"follow","max-snippet":"max-snippet:-1","max-image-preview":"max-image-preview:large","max-video-preview":"max-video-preview:-1"},"canonical":"https:\/\/spanishwithpaula.com\/es\/info-metodo-de-ensenanza-adultos\/","og_locale":"es_ES","og_type":"article","og_title":"Info M\u00e9todo de Ense\u00f1anza Adultos | Spanish with Paula","og_description":"&nbsp; INFO M\u00c9TODO DE ENSE\u00d1ANZA ADULTOS &nbsp; &nbsp; &nbsp;Con los estudiantes adultos me gusta conocer en primer lugar la raz\u00f3n por la que quieren aprender espa\u00f1ol, y el nivel de espa\u00f1ol que tienen. Necesitas aprender el espa\u00f1ol por motivos personales o por motivos comerciales. \u00bfQuieres aprender espa\u00f1ol porque quieres aprender un nuevo idioma, o quieres [&hellip;]","og_url":"https:\/\/spanishwithpaula.com\/es\/info-metodo-de-ensenanza-adultos\/","og_site_name":"Spanish with Paula","article_modified_time":"2021-03-01T16:32:53+00:00","author":"admin","twitter_card":"summary_large_image","twitter_misc":{"Tiempo de lectura":"3 minutos"},"schema":{"@context":"https:\/\/schema.org","@graph":[{"@type":"Organization","@id":"https:\/\/spanishwithpaula.com\/#organization","name":"Spanish with Paula","url":"https:\/\/spanishwithpaula.com\/","sameAs":[],"logo":{"@type":"ImageObject","inLanguage":"es","@id":"https:\/\/spanishwithpaula.com\/#\/schema\/logo\/image\/","url":"https:\/\/spanishwithpaula.com\/wp-content\/uploads\/2020\/08\/About-me-finish.jpg","contentUrl":"https:\/\/spanishwithpaula.com\/wp-content\/uploads\/2020\/08\/About-me-finish.jpg","width":600,"height":300,"caption":"Spanish with Paula"},"image":{"@id":"https:\/\/spanishwithpaula.com\/#\/schema\/logo\/image\/"}},{"@type":"WebSite","@id":"https:\/\/spanishwithpaula.com\/#website","url":"https:\/\/spanishwithpaula.com\/","name":"Spanish with Paula","description":"Learn Spanish online","publisher":{"@id":"https:\/\/spanishwithpaula.com\/#organization"},"potentialAction":[{"@type":"SearchAction","target":{"@type":"EntryPoint","urlTemplate":"https:\/\/spanishwithpaula.com\/?s={search_term_string}"},"query-input":"required name=search_term_string"}],"inLanguage":"es"},{"@type":"WebPage","@id":"https:\/\/spanishwithpaula.com\/es\/info-metodo-de-ensenanza-adultos\/#webpage","url":"https:\/\/spanishwithpaula.com\/es\/info-metodo-de-ensenanza-adultos\/","name":"Info M\u00e9todo de Ense\u00f1anza Adultos | Spanish with Paula","isPartOf":{"@id":"https:\/\/spanishwithpaula.com\/#website"},"datePublished":"2021-03-01T11:20:43+00:00","dateModified":"2021-03-01T16:32:53+00:00","breadcrumb":{"@id":"https:\/\/spanishwithpaula.com\/es\/info-metodo-de-ensenanza-adultos\/#breadcrumb"},"inLanguage":"es","potentialAction":[{"@type":"ReadAction","target":["https:\/\/spanishwithpaula.com\/es\/info-metodo-de-ensenanza-adultos\/"]}]},{"@type":"BreadcrumbList","@id":"https:\/\/spanishwithpaula.com\/es\/info-metodo-de-ensenanza-adultos\/#breadcrumb","itemListElement":[{"@type":"ListItem","position":1,"name":"Portada","item":"https:\/\/spanishwithpaula.com\/es\/"},{"@type":"ListItem","position":2,"name":"Info M\u00e9todo de Ense\u00f1anza Adultos"}]}]}},"_links":{"self":[{"href":"https:\/\/spanishwithpaula.com\/es\/wp-json\/wp\/v2\/pages\/2410"}],"collection":[{"href":"https:\/\/spanishwithpaula.com\/es\/wp-json\/wp\/v2\/pages"}],"about":[{"href":"https:\/\/spanishwithpaula.com\/es\/wp-json\/wp\/v2\/types\/page"}],"author":[{"embeddable":true,"href":"https:\/\/spanishwithpaula.com\/es\/wp-json\/wp\/v2\/users\/1"}],"replies":[{"embeddable":true,"href":"https:\/\/spanishwithpaula.com\/es\/wp-json\/wp\/v2\/comments?post=2410"}],"version-history":[{"count":5,"href":"https:\/\/spanishwithpaula.com\/es\/wp-json\/wp\/v2\/pages\/2410\/revisions"}],"predecessor-version":[{"id":2438,"href":"https:\/\/spanishwithpaula.com\/es\/wp-json\/wp\/v2\/pages\/2410\/revisions\/2438"}],"wp:attachment":[{"href":"https:\/\/spanishwithpaula.com\/es\/wp-json\/wp\/v2\/media?parent=2410"}],"curies":[{"name":"wp","href":"https:\/\/api.w.org\/{rel}","templated":true}]}}