{"id":2450,"date":"2021-03-01T17:22:24","date_gmt":"2021-03-01T17:22:24","guid":{"rendered":"https:\/\/spanishwithpaula.com\/info-metodo-de-ensenanza-ninos-y-adolescentes\/"},"modified":"2021-03-30T08:16:31","modified_gmt":"2021-03-30T08:16:31","slug":"info-metodo-de-ensenanza-ninos-y-adolescentes","status":"publish","type":"page","link":"https:\/\/spanishwithpaula.com\/es\/info-metodo-de-ensenanza-ninos-y-adolescentes\/","title":{"rendered":"Info M\u00e9todo de Ense\u00f1anza Ni\u00f1os y Adolescentes"},"content":{"rendered":"<p>[et_pb_section fb_built=\u00bb1&#8243; _builder_version=\u00bb4.4.9&#8243;][et_pb_row _builder_version=\u00bb4.4.9&#8243; background_image=\u00bbhttps:\/\/spanishwithpaula.com\/wp-content\/uploads\/2020\/07\/10.jpg\u00bb parallax=\u00bbon\u00bb][et_pb_column type=\u00bb4_4&#8243; _builder_version=\u00bb4.4.9&#8243;][et_pb_text _builder_version=\u00bb4.4.9&#8243; text_font=\u00bbBarlow|300|||||||\u00bb header_text_color=\u00bb#e2e5ee\u00bb header_5_font=\u00bbBarlow|300|||||||\u00bb header_5_text_align=\u00bbcenter\u00bb header_5_font_size=\u00bb55px\u00bb header_5_letter_spacing=\u00bb1px\u00bb header_6_font=\u00bb|300|||||||\u00bb header_6_text_align=\u00bbcenter\u00bb header_6_text_color=\u00bb#e2e5ee\u00bb header_6_font_size=\u00bb45px\u00bb header_6_letter_spacing=\u00bb1px\u00bb header_6_line_height=\u00bb1.1em\u00bb background_enable_color=\u00bboff\u00bb animation_style=\u00bbzoom\u00bb]<\/p>\n<h6><\/h6>\n<h6><\/h6>\n<h6>INFO M\u00c9TODO DE ENSE\u00d1ANZA NI\u00d1OS Y ADOLESCENTES<\/h6>\n<p>&nbsp;<\/p>\n<p>&nbsp;<\/p>\n<p>[\/et_pb_text][\/et_pb_column][\/et_pb_row][et_pb_row _builder_version=\u00bb4.4.9&#8243;][et_pb_column type=\u00bb4_4&#8243; _builder_version=\u00bb4.4.9&#8243;][et_pb_divider show_divider=\u00bboff\u00bb _builder_version=\u00bb4.4.9&#8243;][\/et_pb_divider][\/et_pb_column][\/et_pb_row][et_pb_row _builder_version=\u00bb4.4.9&#8243;][et_pb_column type=\u00bb4_4&#8243; _builder_version=\u00bb4.4.9&#8243;][et_pb_text _builder_version=\u00bb4.4.9&#8243; text_font=\u00bbBarlow|300|||||||\u00bb text_font_size=\u00bb20px\u00bb text_letter_spacing=\u00bb1px\u00bb text_line_height=\u00bb1.5em\u00bb]<\/p>\n<p>Estudiar puede ser muy aburrido, especialmente si es impuesto por los padres, las escuelas&#8230;. es por eso que mi objetivo principal al ense\u00f1ar es, que el estudiante se divierta y al mismo tiempo aprende algo.<\/p>\n<p>Cuando se trata de ni\u00f1os, la comunicaci\u00f3n con los padres es muy importante para m\u00ed, ya que trabajo principalmente con material autodise\u00f1ado y necesito la colaboraci\u00f3n de los padres para tener todo el material necesario listo antes de comenzar la clase.<\/p>\n<p>Con los ni\u00f1os muy peque\u00f1os es recomendable comenzar con clases de media hora. Despu\u00e9s de ver como va siempre podemos ir aumentando a una hora.<\/p>\n<p>En mis clases utilizo metodolog\u00edas diferentes dependiendo de las necesidades, la capacidad y el nivel de cada alumno.<\/p>\n<p>Todos somos personas diferentes y todos aprendemos de una manera diferente. As\u00ed que es muy importante centrarse en cada ni\u00f1o individualmente.<\/p>\n<p>Por supuesto que est\u00e1n aqu\u00ed para aprender, pero para m\u00ed es esencial que disfruten del aprendizaje y no lo vean como una obligaci\u00f3n.<\/p>\n<p>Los ni\u00f1os trabajan mucho por rutinas, si introducimos una rutina con ellos, al final el proceso de aprendizaje ser\u00e1 mucho m\u00e1s eficaz y van a responder mucho mejor.<\/p>\n<p>Mediante flash cards, juegos, dados para contar historias, canciones, etc. las clases pueden ser muy divertidas y contribuir mucho a nuestro proceso de aprendizaje. Tambi\u00e9n es muy importante interactuar, intercambiar opiniones, aficiones, culturas y costumbres.<\/p>\n<p>Mi objetivo principal es hablar, pronunciar, escuchar y reconocer&#8230; despu\u00e9s de todo, eso es esencial en la comunicaci\u00f3n y en la interacci\u00f3n con las personas. Tambi\u00e9n es muy importante perder el miedo, la verg\u00fcenza y ganar fluidez y confianza en el nuevo idioma.<\/p>\n<p style=\"text-align: center;\">\n<p>[\/et_pb_text][et_pb_text _builder_version=\u00bb4.4.9&#8243; text_font=\u00bbBarlow|300|||||||\u00bb text_font_size=\u00bb50px\u00bb header_font=\u00bbmadelyn||||||||\u00bb header_3_font=\u00bbBarlow|300|||||||\u00bb header_3_text_color=\u00bb#325061&#8243; header_3_font_size=\u00bb40px\u00bb header_3_letter_spacing=\u00bb1px\u00bb header_3_line_height=\u00bb1.1em\u00bb text_font_size_tablet=\u00bb\u00bb text_font_size_phone=\u00bb47px\u00bb text_font_size_last_edited=\u00bbon|phone\u00bb header_3_font_tablet=\u00bb\u00bb header_3_font_phone=\u00bb\u00bb header_3_font_last_edited=\u00bbon|tablet\u00bb header_3_font_size_tablet=\u00bb35px\u00bb header_3_font_size_phone=\u00bb30px\u00bb header_3_font_size_last_edited=\u00bbon|phone\u00bb]<\/p>\n<h3 style=\"text-align: center;\">As\u00ed que&#8230;..\u00bf A qu\u00e9 esperas???<\/h3>\n<h3 style=\"text-align: center;\"><\/h3>\n<p>[\/et_pb_text][et_pb_divider show_divider=\u00bboff\u00bb _builder_version=\u00bb4.4.9&#8243;][\/et_pb_divider][et_pb_text content_tablet=\u00bb<\/p>\n<p style=\"%22text-align:\" center=\"\">Let\u00b4s start to enjoy ESPA\u00d1OL !<\/p>\n<p>\u00bb content_phone=\u00bb<\/p>\n<p style=\"%22text-align:\" center=\"\">Let\u00b4s start to enjoy ESPA\u00d1OL !<\/p>\n<p>\u00bb content_last_edited=\u00bbon|phone\u00bb _builder_version=\u00bb4.4.9&#8243; text_font=\u00bbmadelyn||||||||\u00bb text_text_color=\u00bb#61a598&#8243; text_font_size=\u00bb63px\u00bb text_letter_spacing=\u00bb1px\u00bb text_line_height=\u00bb1.5em\u00bb custom_padding=\u00bb1px|||||\u00bb text_text_color_tablet=\u00bb\u00bb text_text_color_phone=\u00bb\u00bb text_text_color_last_edited=\u00bbon|phone\u00bb]<\/p>\n<h3><\/h3>\n<p style=\"text-align: center;\">Let\u00b4s start to enjoy ESPA\u00d1OL !<\/p>\n<p>[\/et_pb_text][\/et_pb_column][\/et_pb_row][\/et_pb_section]<\/p>\n","protected":false},"excerpt":{"rendered":"<p>INFO M\u00c9TODO DE ENSE\u00d1ANZA NI\u00d1OS Y ADOLESCENTES &nbsp; &nbsp;Estudiar puede ser muy aburrido, especialmente si es impuesto por los padres, las escuelas&#8230;. es por eso que mi objetivo principal al ense\u00f1ar es, que el estudiante se divierta y al mismo tiempo aprende algo. Cuando se trata de ni\u00f1os, la comunicaci\u00f3n con los padres es muy [&hellip;]<\/p>\n","protected":false},"author":1,"featured_media":0,"parent":0,"menu_order":0,"comment_status":"closed","ping_status":"closed","template":"","meta":{"_et_pb_use_builder":"on","_et_pb_old_content":"","_et_gb_content_width":""},"yoast_head":"<!-- This site is optimized with the Yoast SEO plugin v19.2 - https:\/\/yoast.com\/wordpress\/plugins\/seo\/ -->\n<title>Info M\u00e9todo de Ense\u00f1anza Ni\u00f1os y Adolescentes | Spanish with Paula<\/title>\n<meta name=\"robots\" content=\"index, follow, max-snippet:-1, max-image-preview:large, max-video-preview:-1\" \/>\n<link rel=\"canonical\" href=\"https:\/\/spanishwithpaula.com\/es\/info-metodo-de-ensenanza-ninos-y-adolescentes\/\" \/>\n<meta property=\"og:locale\" content=\"es_ES\" \/>\n<meta property=\"og:type\" content=\"article\" \/>\n<meta property=\"og:title\" content=\"Info M\u00e9todo de Ense\u00f1anza Ni\u00f1os y Adolescentes | Spanish with Paula\" \/>\n<meta property=\"og:description\" content=\"INFO M\u00c9TODO DE ENSE\u00d1ANZA NI\u00d1OS Y ADOLESCENTES &nbsp; &nbsp;Estudiar puede ser muy aburrido, especialmente si es impuesto por los padres, las escuelas.... es por eso que mi objetivo principal al ense\u00f1ar es, que el estudiante se divierta y al mismo tiempo aprende algo. Cuando se trata de ni\u00f1os, la comunicaci\u00f3n con los padres es muy [&hellip;]\" \/>\n<meta property=\"og:url\" content=\"https:\/\/spanishwithpaula.com\/es\/info-metodo-de-ensenanza-ninos-y-adolescentes\/\" \/>\n<meta property=\"og:site_name\" content=\"Spanish with Paula\" \/>\n<meta property=\"article:modified_time\" content=\"2021-03-30T08:16:31+00:00\" \/>\n<meta name=\"author\" content=\"admin\" \/>\n<meta name=\"twitter:card\" content=\"summary_large_image\" \/>\n<meta name=\"twitter:label1\" content=\"Tiempo de lectura\" \/>\n\t<meta name=\"twitter:data1\" content=\"3 minutos\" \/>\n<script type=\"application\/ld+json\" class=\"yoast-schema-graph\">{\"@context\":\"https:\/\/schema.org\",\"@graph\":[{\"@type\":\"Organization\",\"@id\":\"https:\/\/spanishwithpaula.com\/#organization\",\"name\":\"Spanish with Paula\",\"url\":\"https:\/\/spanishwithpaula.com\/\",\"sameAs\":[],\"logo\":{\"@type\":\"ImageObject\",\"inLanguage\":\"es\",\"@id\":\"https:\/\/spanishwithpaula.com\/#\/schema\/logo\/image\/\",\"url\":\"https:\/\/spanishwithpaula.com\/wp-content\/uploads\/2020\/08\/About-me-finish.jpg\",\"contentUrl\":\"https:\/\/spanishwithpaula.com\/wp-content\/uploads\/2020\/08\/About-me-finish.jpg\",\"width\":600,\"height\":300,\"caption\":\"Spanish with Paula\"},\"image\":{\"@id\":\"https:\/\/spanishwithpaula.com\/#\/schema\/logo\/image\/\"}},{\"@type\":\"WebSite\",\"@id\":\"https:\/\/spanishwithpaula.com\/#website\",\"url\":\"https:\/\/spanishwithpaula.com\/\",\"name\":\"Spanish with Paula\",\"description\":\"Learn Spanish online\",\"publisher\":{\"@id\":\"https:\/\/spanishwithpaula.com\/#organization\"},\"potentialAction\":[{\"@type\":\"SearchAction\",\"target\":{\"@type\":\"EntryPoint\",\"urlTemplate\":\"https:\/\/spanishwithpaula.com\/?s={search_term_string}\"},\"query-input\":\"required name=search_term_string\"}],\"inLanguage\":\"es\"},{\"@type\":\"WebPage\",\"@id\":\"https:\/\/spanishwithpaula.com\/es\/info-metodo-de-ensenanza-ninos-y-adolescentes\/#webpage\",\"url\":\"https:\/\/spanishwithpaula.com\/es\/info-metodo-de-ensenanza-ninos-y-adolescentes\/\",\"name\":\"Info M\u00e9todo de Ense\u00f1anza Ni\u00f1os y Adolescentes | Spanish with Paula\",\"isPartOf\":{\"@id\":\"https:\/\/spanishwithpaula.com\/#website\"},\"datePublished\":\"2021-03-01T17:22:24+00:00\",\"dateModified\":\"2021-03-30T08:16:31+00:00\",\"breadcrumb\":{\"@id\":\"https:\/\/spanishwithpaula.com\/es\/info-metodo-de-ensenanza-ninos-y-adolescentes\/#breadcrumb\"},\"inLanguage\":\"es\",\"potentialAction\":[{\"@type\":\"ReadAction\",\"target\":[\"https:\/\/spanishwithpaula.com\/es\/info-metodo-de-ensenanza-ninos-y-adolescentes\/\"]}]},{\"@type\":\"BreadcrumbList\",\"@id\":\"https:\/\/spanishwithpaula.com\/es\/info-metodo-de-ensenanza-ninos-y-adolescentes\/#breadcrumb\",\"itemListElement\":[{\"@type\":\"ListItem\",\"position\":1,\"name\":\"Portada\",\"item\":\"https:\/\/spanishwithpaula.com\/es\/\"},{\"@type\":\"ListItem\",\"position\":2,\"name\":\"Info M\u00e9todo de Ense\u00f1anza Ni\u00f1os y Adolescentes\"}]}]}<\/script>\n<!-- \/ Yoast SEO plugin. -->","yoast_head_json":{"title":"Info M\u00e9todo de Ense\u00f1anza Ni\u00f1os y Adolescentes | Spanish with Paula","robots":{"index":"index","follow":"follow","max-snippet":"max-snippet:-1","max-image-preview":"max-image-preview:large","max-video-preview":"max-video-preview:-1"},"canonical":"https:\/\/spanishwithpaula.com\/es\/info-metodo-de-ensenanza-ninos-y-adolescentes\/","og_locale":"es_ES","og_type":"article","og_title":"Info M\u00e9todo de Ense\u00f1anza Ni\u00f1os y Adolescentes | Spanish with Paula","og_description":"INFO M\u00c9TODO DE ENSE\u00d1ANZA NI\u00d1OS Y ADOLESCENTES &nbsp; &nbsp;Estudiar puede ser muy aburrido, especialmente si es impuesto por los padres, las escuelas.... es por eso que mi objetivo principal al ense\u00f1ar es, que el estudiante se divierta y al mismo tiempo aprende algo. Cuando se trata de ni\u00f1os, la comunicaci\u00f3n con los padres es muy [&hellip;]","og_url":"https:\/\/spanishwithpaula.com\/es\/info-metodo-de-ensenanza-ninos-y-adolescentes\/","og_site_name":"Spanish with Paula","article_modified_time":"2021-03-30T08:16:31+00:00","author":"admin","twitter_card":"summary_large_image","twitter_misc":{"Tiempo de lectura":"3 minutos"},"schema":{"@context":"https:\/\/schema.org","@graph":[{"@type":"Organization","@id":"https:\/\/spanishwithpaula.com\/#organization","name":"Spanish with Paula","url":"https:\/\/spanishwithpaula.com\/","sameAs":[],"logo":{"@type":"ImageObject","inLanguage":"es","@id":"https:\/\/spanishwithpaula.com\/#\/schema\/logo\/image\/","url":"https:\/\/spanishwithpaula.com\/wp-content\/uploads\/2020\/08\/About-me-finish.jpg","contentUrl":"https:\/\/spanishwithpaula.com\/wp-content\/uploads\/2020\/08\/About-me-finish.jpg","width":600,"height":300,"caption":"Spanish with Paula"},"image":{"@id":"https:\/\/spanishwithpaula.com\/#\/schema\/logo\/image\/"}},{"@type":"WebSite","@id":"https:\/\/spanishwithpaula.com\/#website","url":"https:\/\/spanishwithpaula.com\/","name":"Spanish with Paula","description":"Learn Spanish online","publisher":{"@id":"https:\/\/spanishwithpaula.com\/#organization"},"potentialAction":[{"@type":"SearchAction","target":{"@type":"EntryPoint","urlTemplate":"https:\/\/spanishwithpaula.com\/?s={search_term_string}"},"query-input":"required name=search_term_string"}],"inLanguage":"es"},{"@type":"WebPage","@id":"https:\/\/spanishwithpaula.com\/es\/info-metodo-de-ensenanza-ninos-y-adolescentes\/#webpage","url":"https:\/\/spanishwithpaula.com\/es\/info-metodo-de-ensenanza-ninos-y-adolescentes\/","name":"Info M\u00e9todo de Ense\u00f1anza Ni\u00f1os y Adolescentes | Spanish with Paula","isPartOf":{"@id":"https:\/\/spanishwithpaula.com\/#website"},"datePublished":"2021-03-01T17:22:24+00:00","dateModified":"2021-03-30T08:16:31+00:00","breadcrumb":{"@id":"https:\/\/spanishwithpaula.com\/es\/info-metodo-de-ensenanza-ninos-y-adolescentes\/#breadcrumb"},"inLanguage":"es","potentialAction":[{"@type":"ReadAction","target":["https:\/\/spanishwithpaula.com\/es\/info-metodo-de-ensenanza-ninos-y-adolescentes\/"]}]},{"@type":"BreadcrumbList","@id":"https:\/\/spanishwithpaula.com\/es\/info-metodo-de-ensenanza-ninos-y-adolescentes\/#breadcrumb","itemListElement":[{"@type":"ListItem","position":1,"name":"Portada","item":"https:\/\/spanishwithpaula.com\/es\/"},{"@type":"ListItem","position":2,"name":"Info M\u00e9todo de Ense\u00f1anza Ni\u00f1os y Adolescentes"}]}]}},"_links":{"self":[{"href":"https:\/\/spanishwithpaula.com\/es\/wp-json\/wp\/v2\/pages\/2450"}],"collection":[{"href":"https:\/\/spanishwithpaula.com\/es\/wp-json\/wp\/v2\/pages"}],"about":[{"href":"https:\/\/spanishwithpaula.com\/es\/wp-json\/wp\/v2\/types\/page"}],"author":[{"embeddable":true,"href":"https:\/\/spanishwithpaula.com\/es\/wp-json\/wp\/v2\/users\/1"}],"replies":[{"embeddable":true,"href":"https:\/\/spanishwithpaula.com\/es\/wp-json\/wp\/v2\/comments?post=2450"}],"version-history":[{"count":8,"href":"https:\/\/spanishwithpaula.com\/es\/wp-json\/wp\/v2\/pages\/2450\/revisions"}],"predecessor-version":[{"id":3831,"href":"https:\/\/spanishwithpaula.com\/es\/wp-json\/wp\/v2\/pages\/2450\/revisions\/3831"}],"wp:attachment":[{"href":"https:\/\/spanishwithpaula.com\/es\/wp-json\/wp\/v2\/media?parent=2450"}],"curies":[{"name":"wp","href":"https:\/\/api.w.org\/{rel}","templated":true}]}}