{"id":2537,"date":"2021-03-03T10:15:38","date_gmt":"2021-03-03T10:15:38","guid":{"rendered":"https:\/\/spanishwithpaula.com\/espanol-para-ninos-y-adolescentes\/"},"modified":"2021-03-26T17:39:14","modified_gmt":"2021-03-26T17:39:14","slug":"espanol-para-ninos-y-adolescentes","status":"publish","type":"page","link":"https:\/\/spanishwithpaula.com\/es\/espanol-para-ninos-y-adolescentes\/","title":{"rendered":"Espa\u00f1ol para ni\u00f1os y adolescentes"},"content":{"rendered":"<p>[et_pb_section fb_built=\u00bb1&#8243; fullwidth=\u00bbon\u00bb _builder_version=\u00bb4.4.9&#8243;][et_pb_fullwidth_header text_orientation=\u00bbcenter\u00bb _builder_version=\u00bb4.4.9&#8243; title_font=\u00bbBarlow|300|||||||\u00bb title_text_color=\u00bb#325061&#8243; title_font_size=\u00bb33px\u00bb title_letter_spacing=\u00bb1px\u00bb title_line_height=\u00bb1.1em\u00bb background_image=\u00bbhttps:\/\/spanishwithpaula.com\/wp-content\/uploads\/2020\/07\/Dise\u00f1o-sin-t\u00edtulo-2-1.jpg\u00bb][\/et_pb_fullwidth_header][\/et_pb_section][et_pb_section fb_built=\u00bb1&#8243; _builder_version=\u00bb4.4.9&#8243;][et_pb_row _builder_version=\u00bb4.4.9&#8243;][et_pb_column type=\u00bb4_4&#8243; _builder_version=\u00bb4.4.9&#8243;][et_pb_text _builder_version=\u00bb4.4.9&#8243; text_font=\u00bbBarlow|300|||||||\u00bb text_text_color=\u00bb#325061&#8243; text_font_size=\u00bb35px\u00bb text_letter_spacing=\u00bb1px\u00bb text_line_height=\u00bb1.5em\u00bb background_enable_image=\u00bboff\u00bb background_size=\u00bbinitial\u00bb text_orientation=\u00bbcenter\u00bb]<\/p>\n<p style=\"text-align: center;\">ESPA\u00d1OL PARA NI\u00d1OS Y ADOLESCENTES<\/p>\n<p>[\/et_pb_text][\/et_pb_column][\/et_pb_row][et_pb_row column_structure=\u00bb1_2,1_2&#8243; _builder_version=\u00bb4.4.9&#8243;][et_pb_column type=\u00bb1_2&#8243; _builder_version=\u00bb4.4.9&#8243;][et_pb_text _builder_version=\u00bb4.4.9&#8243; text_font=\u00bbBarlow||||||||\u00bb header_font=\u00bbBarlow||||||||\u00bb header_5_font=\u00bbBarlow|300||on|||||\u00bb header_5_text_align=\u00bbcenter\u00bb header_5_font_size=\u00bb25px\u00bb header_5_letter_spacing=\u00bb6px\u00bb header_5_line_height=\u00bb1.9em\u00bb background_color=\u00bb#e2e5ee\u00bb width=\u00bb100%\u00bb max_width=\u00bb100%\u00bb custom_padding=\u00bb||0px||false|false\u00bb]<\/p>\n<h5><\/h5>\n<h5 style=\"text-align: center;\">CLASES DE CONVERSACI\u00d3N<\/h5>\n<p>&nbsp;<\/p>\n<p>[\/et_pb_text][et_pb_text _builder_version=\u00bb4.4.9&#8243; text_font=\u00bbBarlow|300|||||||\u00bb text_font_size=\u00bb18px\u00bb text_letter_spacing=\u00bb1px\u00bb]<\/p>\n<p>En esta clase tendremos una conversaci\u00f3n on line basada en el nivel, las necesidades y los intereses del estudiante.<\/p>\n<p>Preparo cada clase individualmente y enfocada en la persona.<\/p>\n<p>[\/et_pb_text][\/et_pb_column][et_pb_column type=\u00bb1_2&#8243; _builder_version=\u00bb4.4.9&#8243;][et_pb_text _builder_version=\u00bb4.4.9&#8243; text_font=\u00bbBarlow||||||||\u00bb header_font=\u00bbBarlow||||||||\u00bb header_5_font=\u00bbBarlow|300||on|||||\u00bb header_5_text_align=\u00bbcenter\u00bb header_5_font_size=\u00bb25px\u00bb header_5_letter_spacing=\u00bb6px\u00bb header_5_line_height=\u00bb1.9em\u00bb background_color=\u00bb#e2e5ee\u00bb width=\u00bb100%\u00bb max_width=\u00bb100%\u00bb custom_padding=\u00bb||0px||false|false\u00bb]<\/p>\n<h5><\/h5>\n<h5 style=\"text-align: center;\">espa\u00f1ol en general<\/h5>\n<p>&nbsp;<\/p>\n<p>[\/et_pb_text][et_pb_text _builder_version=\u00bb4.4.9&#8243; text_font=\u00bbBarlow|300|||||||\u00bb text_font_size=\u00bb18px\u00bb text_letter_spacing=\u00bb1px\u00bb]<\/p>\n<p><span>En esta clase centramos cada lecci\u00f3n en diferentes metodolog\u00edas<\/span><span lang=\"en\">, utilizando<\/span><span> vocabulario nuevo y gram\u00e1tica basadas en el nivel de cada estudiante. <\/span> <\/p>\n<p>&nbsp;<\/p>\n<p>[\/et_pb_text][\/et_pb_column][\/et_pb_row][et_pb_row column_structure=\u00bb1_2,1_2&#8243; _builder_version=\u00bb4.4.9&#8243;][et_pb_column type=\u00bb1_2&#8243; _builder_version=\u00bb4.4.9&#8243;][et_pb_text _builder_version=\u00bb4.4.9&#8243; text_font=\u00bbBarlow||||||||\u00bb header_font=\u00bbBarlow||||||||\u00bb header_5_font=\u00bbBarlow|300||on|||||\u00bb header_5_text_align=\u00bbcenter\u00bb header_5_font_size=\u00bb25px\u00bb header_5_letter_spacing=\u00bb6px\u00bb header_5_line_height=\u00bb1.9em\u00bb background_color=\u00bb#e2e5ee\u00bb width=\u00bb100%\u00bb max_width=\u00bb100%\u00bb custom_padding=\u00bb||0px||false|false\u00bb]<\/p>\n<h5><\/h5>\n<h5 style=\"text-align: center;\"> UNA CLASE INDIVIDUAL<\/h5>\n<p>&nbsp;<\/p>\n<p>[\/et_pb_text][\/et_pb_column][et_pb_column type=\u00bb1_2&#8243; _builder_version=\u00bb4.4.9&#8243;][et_pb_text _builder_version=\u00bb4.4.9&#8243; text_font=\u00bbBarlow||||||||\u00bb header_font=\u00bbBarlow||||||||\u00bb header_5_font=\u00bbBarlow|300||on|||||\u00bb header_5_text_align=\u00bbcenter\u00bb header_5_font_size=\u00bb25px\u00bb header_5_letter_spacing=\u00bb6px\u00bb header_5_line_height=\u00bb1.9em\u00bb background_color=\u00bb#e2e5ee\u00bb width=\u00bb100%\u00bb max_width=\u00bb100%\u00bb custom_padding=\u00bb||0px||false|false\u00bb]<\/p>\n<h5><\/h5>\n<h5 style=\"text-align: center;\">EN GRUPO<\/h5>\n<p>&nbsp;<\/p>\n<p>[\/et_pb_text][\/et_pb_column][\/et_pb_row][et_pb_row column_structure=\u00bb1_2,1_2&#8243; _builder_version=\u00bb4.4.9&#8243;][et_pb_column type=\u00bb1_2&#8243; _builder_version=\u00bb4.4.9&#8243;][et_pb_text _builder_version=\u00bb4.4.9&#8243; text_font=\u00bbBarlow|300|||||||\u00bb text_font_size=\u00bb18px\u00bb text_letter_spacing=\u00bb1px\u00bb]<\/p>\n<p>Con la lecci\u00f3n privada te beneficiar\u00e1s de:<\/p>\n<ul>\n<li>Una lecci\u00f3n de 60 minutos, adaptada a tus objetivos.<\/li>\n<li>1-1 atenci\u00f3n y retroalimentaci\u00f3n directa.<\/li>\n<li>Espa\u00f1ol activo con tu profesor nativo para aumentar tu confianza y mejorar tu espa\u00f1ol tanto escrito como hablado.<\/li>\n<\/ul>\n<p>&nbsp;<\/p>\n<p>[\/et_pb_text][\/et_pb_column][et_pb_column type=\u00bb1_2&#8243; _builder_version=\u00bb4.4.9&#8243;][et_pb_text _builder_version=\u00bb4.4.9&#8243; text_font=\u00bbBarlow|300|||||||\u00bb text_font_size=\u00bb18px\u00bb text_letter_spacing=\u00bb1px\u00bb]<\/p>\n<p>Con la lecci\u00f3n privada te beneficiar\u00e1s de:<\/p>\n<ul>\n<li>Una clase de 60 minutos en la que practicar\u00e1s tu conversaci\u00f3n con otros estudiantes al mismo nivel.<\/li>\n<li>Es divertido y una buena manera para aprender a hablar en espa\u00f1ol.<\/li>\n<li>Un grupo reducido de: 4-5 estudiantes de promedio.<\/li>\n<\/ul>\n<p>&nbsp;<\/p>\n<p>[\/et_pb_text][\/et_pb_column][\/et_pb_row][et_pb_row _builder_version=\u00bb4.4.9&#8243;][et_pb_column type=\u00bb4_4&#8243; _builder_version=\u00bb4.4.9&#8243;][et_pb_text _builder_version=\u00bb4.4.9&#8243; text_font=\u00bbBarlow|300|||||||\u00bb text_text_color=\u00bb#325061&#8243; text_font_size=\u00bb27px\u00bb text_line_height=\u00bb1.5em\u00bb background_color=\u00bb#e2e5ee\u00bb]<\/p>\n<p>Todas las clases son on line con tu profesora nativa, personalizadas y enfocadas en cada estudiante individualmente.<\/p>\n<p>[\/et_pb_text][\/et_pb_column][\/et_pb_row][\/et_pb_section]<\/p>\n","protected":false},"excerpt":{"rendered":"<p>ESPA\u00d1OL PARA NI\u00d1OS Y ADOLESCENTES CLASES DE CONVERSACI\u00d3N &nbsp;En esta clase tendremos una conversaci\u00f3n on line basada en el nivel, las necesidades y los intereses del estudiante. Preparo cada clase individualmente y enfocada en la persona. espa\u00f1ol en general &nbsp;En esta clase centramos cada lecci\u00f3n en diferentes metodolog\u00edas, utilizando vocabulario nuevo y gram\u00e1tica basadas en [&hellip;]<\/p>\n","protected":false},"author":1,"featured_media":0,"parent":0,"menu_order":0,"comment_status":"closed","ping_status":"closed","template":"","meta":{"_et_pb_use_builder":"on","_et_pb_old_content":"","_et_gb_content_width":""},"yoast_head":"<!-- This site is optimized with the Yoast SEO plugin v19.2 - https:\/\/yoast.com\/wordpress\/plugins\/seo\/ -->\n<title>Espa\u00f1ol para ni\u00f1os y adolescentes | Spanish with Paula<\/title>\n<meta name=\"robots\" content=\"index, follow, max-snippet:-1, max-image-preview:large, max-video-preview:-1\" \/>\n<link rel=\"canonical\" href=\"https:\/\/spanishwithpaula.com\/es\/espanol-para-ninos-y-adolescentes\/\" \/>\n<meta property=\"og:locale\" content=\"es_ES\" \/>\n<meta property=\"og:type\" content=\"article\" \/>\n<meta property=\"og:title\" content=\"Espa\u00f1ol para ni\u00f1os y adolescentes | Spanish with Paula\" \/>\n<meta property=\"og:description\" content=\"ESPA\u00d1OL PARA NI\u00d1OS Y ADOLESCENTES CLASES DE CONVERSACI\u00d3N &nbsp;En esta clase tendremos una conversaci\u00f3n on line basada en el nivel, las necesidades y los intereses del estudiante. Preparo cada clase individualmente y enfocada en la persona. espa\u00f1ol en general &nbsp;En esta clase centramos cada lecci\u00f3n en diferentes metodolog\u00edas, utilizando vocabulario nuevo y gram\u00e1tica basadas en [&hellip;]\" \/>\n<meta property=\"og:url\" content=\"https:\/\/spanishwithpaula.com\/es\/espanol-para-ninos-y-adolescentes\/\" \/>\n<meta property=\"og:site_name\" content=\"Spanish with Paula\" \/>\n<meta property=\"article:modified_time\" content=\"2021-03-26T17:39:14+00:00\" \/>\n<meta name=\"author\" content=\"admin\" \/>\n<meta name=\"twitter:card\" content=\"summary_large_image\" \/>\n<meta name=\"twitter:label1\" content=\"Tiempo de lectura\" \/>\n\t<meta name=\"twitter:data1\" content=\"4 minutos\" \/>\n<script type=\"application\/ld+json\" class=\"yoast-schema-graph\">{\"@context\":\"https:\/\/schema.org\",\"@graph\":[{\"@type\":\"Organization\",\"@id\":\"https:\/\/spanishwithpaula.com\/#organization\",\"name\":\"Spanish with Paula\",\"url\":\"https:\/\/spanishwithpaula.com\/\",\"sameAs\":[],\"logo\":{\"@type\":\"ImageObject\",\"inLanguage\":\"es\",\"@id\":\"https:\/\/spanishwithpaula.com\/#\/schema\/logo\/image\/\",\"url\":\"https:\/\/spanishwithpaula.com\/wp-content\/uploads\/2020\/08\/About-me-finish.jpg\",\"contentUrl\":\"https:\/\/spanishwithpaula.com\/wp-content\/uploads\/2020\/08\/About-me-finish.jpg\",\"width\":600,\"height\":300,\"caption\":\"Spanish with Paula\"},\"image\":{\"@id\":\"https:\/\/spanishwithpaula.com\/#\/schema\/logo\/image\/\"}},{\"@type\":\"WebSite\",\"@id\":\"https:\/\/spanishwithpaula.com\/#website\",\"url\":\"https:\/\/spanishwithpaula.com\/\",\"name\":\"Spanish with Paula\",\"description\":\"Learn Spanish online\",\"publisher\":{\"@id\":\"https:\/\/spanishwithpaula.com\/#organization\"},\"potentialAction\":[{\"@type\":\"SearchAction\",\"target\":{\"@type\":\"EntryPoint\",\"urlTemplate\":\"https:\/\/spanishwithpaula.com\/?s={search_term_string}\"},\"query-input\":\"required name=search_term_string\"}],\"inLanguage\":\"es\"},{\"@type\":\"WebPage\",\"@id\":\"https:\/\/spanishwithpaula.com\/es\/espanol-para-ninos-y-adolescentes\/#webpage\",\"url\":\"https:\/\/spanishwithpaula.com\/es\/espanol-para-ninos-y-adolescentes\/\",\"name\":\"Espa\u00f1ol para ni\u00f1os y adolescentes | Spanish with Paula\",\"isPartOf\":{\"@id\":\"https:\/\/spanishwithpaula.com\/#website\"},\"datePublished\":\"2021-03-03T10:15:38+00:00\",\"dateModified\":\"2021-03-26T17:39:14+00:00\",\"breadcrumb\":{\"@id\":\"https:\/\/spanishwithpaula.com\/es\/espanol-para-ninos-y-adolescentes\/#breadcrumb\"},\"inLanguage\":\"es\",\"potentialAction\":[{\"@type\":\"ReadAction\",\"target\":[\"https:\/\/spanishwithpaula.com\/es\/espanol-para-ninos-y-adolescentes\/\"]}]},{\"@type\":\"BreadcrumbList\",\"@id\":\"https:\/\/spanishwithpaula.com\/es\/espanol-para-ninos-y-adolescentes\/#breadcrumb\",\"itemListElement\":[{\"@type\":\"ListItem\",\"position\":1,\"name\":\"Portada\",\"item\":\"https:\/\/spanishwithpaula.com\/es\/\"},{\"@type\":\"ListItem\",\"position\":2,\"name\":\"Espa\u00f1ol para ni\u00f1os y adolescentes\"}]}]}<\/script>\n<!-- \/ Yoast SEO plugin. -->","yoast_head_json":{"title":"Espa\u00f1ol para ni\u00f1os y adolescentes | Spanish with Paula","robots":{"index":"index","follow":"follow","max-snippet":"max-snippet:-1","max-image-preview":"max-image-preview:large","max-video-preview":"max-video-preview:-1"},"canonical":"https:\/\/spanishwithpaula.com\/es\/espanol-para-ninos-y-adolescentes\/","og_locale":"es_ES","og_type":"article","og_title":"Espa\u00f1ol para ni\u00f1os y adolescentes | Spanish with Paula","og_description":"ESPA\u00d1OL PARA NI\u00d1OS Y ADOLESCENTES CLASES DE CONVERSACI\u00d3N &nbsp;En esta clase tendremos una conversaci\u00f3n on line basada en el nivel, las necesidades y los intereses del estudiante. Preparo cada clase individualmente y enfocada en la persona. espa\u00f1ol en general &nbsp;En esta clase centramos cada lecci\u00f3n en diferentes metodolog\u00edas, utilizando vocabulario nuevo y gram\u00e1tica basadas en [&hellip;]","og_url":"https:\/\/spanishwithpaula.com\/es\/espanol-para-ninos-y-adolescentes\/","og_site_name":"Spanish with Paula","article_modified_time":"2021-03-26T17:39:14+00:00","author":"admin","twitter_card":"summary_large_image","twitter_misc":{"Tiempo de lectura":"4 minutos"},"schema":{"@context":"https:\/\/schema.org","@graph":[{"@type":"Organization","@id":"https:\/\/spanishwithpaula.com\/#organization","name":"Spanish with Paula","url":"https:\/\/spanishwithpaula.com\/","sameAs":[],"logo":{"@type":"ImageObject","inLanguage":"es","@id":"https:\/\/spanishwithpaula.com\/#\/schema\/logo\/image\/","url":"https:\/\/spanishwithpaula.com\/wp-content\/uploads\/2020\/08\/About-me-finish.jpg","contentUrl":"https:\/\/spanishwithpaula.com\/wp-content\/uploads\/2020\/08\/About-me-finish.jpg","width":600,"height":300,"caption":"Spanish with Paula"},"image":{"@id":"https:\/\/spanishwithpaula.com\/#\/schema\/logo\/image\/"}},{"@type":"WebSite","@id":"https:\/\/spanishwithpaula.com\/#website","url":"https:\/\/spanishwithpaula.com\/","name":"Spanish with Paula","description":"Learn Spanish online","publisher":{"@id":"https:\/\/spanishwithpaula.com\/#organization"},"potentialAction":[{"@type":"SearchAction","target":{"@type":"EntryPoint","urlTemplate":"https:\/\/spanishwithpaula.com\/?s={search_term_string}"},"query-input":"required name=search_term_string"}],"inLanguage":"es"},{"@type":"WebPage","@id":"https:\/\/spanishwithpaula.com\/es\/espanol-para-ninos-y-adolescentes\/#webpage","url":"https:\/\/spanishwithpaula.com\/es\/espanol-para-ninos-y-adolescentes\/","name":"Espa\u00f1ol para ni\u00f1os y adolescentes | Spanish with Paula","isPartOf":{"@id":"https:\/\/spanishwithpaula.com\/#website"},"datePublished":"2021-03-03T10:15:38+00:00","dateModified":"2021-03-26T17:39:14+00:00","breadcrumb":{"@id":"https:\/\/spanishwithpaula.com\/es\/espanol-para-ninos-y-adolescentes\/#breadcrumb"},"inLanguage":"es","potentialAction":[{"@type":"ReadAction","target":["https:\/\/spanishwithpaula.com\/es\/espanol-para-ninos-y-adolescentes\/"]}]},{"@type":"BreadcrumbList","@id":"https:\/\/spanishwithpaula.com\/es\/espanol-para-ninos-y-adolescentes\/#breadcrumb","itemListElement":[{"@type":"ListItem","position":1,"name":"Portada","item":"https:\/\/spanishwithpaula.com\/es\/"},{"@type":"ListItem","position":2,"name":"Espa\u00f1ol para ni\u00f1os y adolescentes"}]}]}},"_links":{"self":[{"href":"https:\/\/spanishwithpaula.com\/es\/wp-json\/wp\/v2\/pages\/2537"}],"collection":[{"href":"https:\/\/spanishwithpaula.com\/es\/wp-json\/wp\/v2\/pages"}],"about":[{"href":"https:\/\/spanishwithpaula.com\/es\/wp-json\/wp\/v2\/types\/page"}],"author":[{"embeddable":true,"href":"https:\/\/spanishwithpaula.com\/es\/wp-json\/wp\/v2\/users\/1"}],"replies":[{"embeddable":true,"href":"https:\/\/spanishwithpaula.com\/es\/wp-json\/wp\/v2\/comments?post=2537"}],"version-history":[{"count":16,"href":"https:\/\/spanishwithpaula.com\/es\/wp-json\/wp\/v2\/pages\/2537\/revisions"}],"predecessor-version":[{"id":3763,"href":"https:\/\/spanishwithpaula.com\/es\/wp-json\/wp\/v2\/pages\/2537\/revisions\/3763"}],"wp:attachment":[{"href":"https:\/\/spanishwithpaula.com\/es\/wp-json\/wp\/v2\/media?parent=2537"}],"curies":[{"name":"wp","href":"https:\/\/api.w.org\/{rel}","templated":true}]}}