{"id":2590,"date":"2021-03-03T11:35:51","date_gmt":"2021-03-03T11:35:51","guid":{"rendered":"https:\/\/spanishwithpaula.com\/metodos-de-pago\/"},"modified":"2021-03-11T17:03:33","modified_gmt":"2021-03-11T17:03:33","slug":"metodos-de-pago","status":"publish","type":"page","link":"https:\/\/spanishwithpaula.com\/es\/metodos-de-pago\/","title":{"rendered":"M\u00e9todos de pago"},"content":{"rendered":"<p>[et_pb_section fb_built=\u00bb1&#8243; _builder_version=\u00bb4.4.9&#8243;][et_pb_row column_structure=\u00bb1_3,1_3,1_3&#8243; _builder_version=\u00bb4.4.9&#8243;][et_pb_column type=\u00bb1_3&#8243; _builder_version=\u00bb4.4.9&#8243;][et_pb_image src=\u00bbhttps:\/\/spanishwithpaula.com\/wp-content\/uploads\/2021\/02\/tarjeta.png\u00bb title_text=\u00bbtarjeta\u00bb align=\u00bbcenter\u00bb _builder_version=\u00bb4.4.9&#8243; hover_enabled=\u00bb0&#8243;][\/et_pb_image][\/et_pb_column][et_pb_column type=\u00bb1_3&#8243; _builder_version=\u00bb4.4.9&#8243;][et_pb_image src=\u00bbhttps:\/\/spanishwithpaula.com\/wp-content\/uploads\/2021\/02\/paypal.png\u00bb title_text=\u00bbpaypal\u00bb align=\u00bbcenter\u00bb _builder_version=\u00bb4.4.9&#8243;][\/et_pb_image][\/et_pb_column][et_pb_column type=\u00bb1_3&#8243; _builder_version=\u00bb4.4.9&#8243;][et_pb_image src=\u00bbhttps:\/\/spanishwithpaula.com\/wp-content\/uploads\/2021\/02\/transferencia.png\u00bb title_text=\u00bbtransferencia bancaria\u00bb align=\u00bbcenter\u00bb _builder_version=\u00bb4.4.9&#8243;][\/et_pb_image][\/et_pb_column][\/et_pb_row][et_pb_row column_structure=\u00bb1_3,1_3,1_3&#8243; _builder_version=\u00bb4.4.9&#8243;][et_pb_column type=\u00bb1_3&#8243; _builder_version=\u00bb4.4.9&#8243;][et_pb_text _builder_version=\u00bb4.4.9&#8243; hover_enabled=\u00bb0&#8243;]<\/p>\n<p style=\"text-align: center;\"><strong>Credit Card<\/strong><\/p>\n<p style=\"text-align: center;\">Paga de forma segura con tu tarjeta de cr\u00e9dito.<\/p>\n<p>[\/et_pb_text][\/et_pb_column][et_pb_column type=\u00bb1_3&#8243; _builder_version=\u00bb4.4.9&#8243;][et_pb_text _builder_version=\u00bb4.4.9&#8243;]<\/p>\n<p style=\"text-align: center;\"><strong>PayPal<\/strong><\/p>\n<p style=\"text-align: center;\">Paga con tu cuenta de <strong>PayPal <\/strong>, si no tienes una puedes crearte una <a href=\"https:\/\/www.paypal.com\/es\/webapps\/mpp\/home\">aqu\u00ed<\/a><\/p>\n<p>[\/et_pb_text][\/et_pb_column][et_pb_column type=\u00bb1_3&#8243; _builder_version=\u00bb4.4.9&#8243;][et_pb_text _builder_version=\u00bb4.4.9&#8243;]<\/p>\n<p style=\"text-align: center;\"><strong>Transferencia Bancaria<\/strong><\/p>\n<p style=\"text-align: center;\">Tu pedido quedar\u00e1 en espera hasta que recibamos la confirmaci\u00f3n del pago.<\/p>\n<p>[\/et_pb_text][\/et_pb_column][\/et_pb_row][et_pb_row _builder_version=\u00bb4.4.9&#8243;][et_pb_column type=\u00bb4_4&#8243; _builder_version=\u00bb4.4.9&#8243;][et_pb_image src=\u00bbhttps:\/\/spanishwithpaula.com\/wp-content\/uploads\/2021\/02\/payments.png\u00bb _builder_version=\u00bb4.4.9&#8243; title_text=\u00bbpagos\u00bb hover_enabled=\u00bb0&#8243; align=\u00bbright\u00bb][\/et_pb_image][\/et_pb_column][\/et_pb_row][\/et_pb_section]<\/p>\n","protected":false},"excerpt":{"rendered":"<p>Credit Card Paga de forma segura con tu tarjeta de cr\u00e9dito. PayPal Paga con tu cuenta de PayPal , si no tienes una puedes crearte una aqu\u00edTransferencia Bancaria Tu pedido quedar\u00e1 en espera hasta que recibamos la confirmaci\u00f3n del pago.<\/p>\n","protected":false},"author":1,"featured_media":0,"parent":0,"menu_order":0,"comment_status":"closed","ping_status":"closed","template":"","meta":{"_et_pb_use_builder":"on","_et_pb_old_content":"","_et_gb_content_width":""},"yoast_head":"<!-- This site is optimized with the Yoast SEO plugin v19.2 - https:\/\/yoast.com\/wordpress\/plugins\/seo\/ -->\n<title>M\u00e9todos de pago | Spanish with Paula<\/title>\n<meta name=\"robots\" content=\"index, follow, max-snippet:-1, max-image-preview:large, max-video-preview:-1\" \/>\n<link rel=\"canonical\" href=\"https:\/\/spanishwithpaula.com\/es\/metodos-de-pago\/\" \/>\n<meta property=\"og:locale\" content=\"es_ES\" \/>\n<meta property=\"og:type\" content=\"article\" \/>\n<meta property=\"og:title\" content=\"M\u00e9todos de pago | Spanish with Paula\" \/>\n<meta property=\"og:description\" content=\"Credit Card Paga de forma segura con tu tarjeta de cr\u00e9dito. PayPal Paga con tu cuenta de PayPal , si no tienes una puedes crearte una aqu\u00edTransferencia Bancaria Tu pedido quedar\u00e1 en espera hasta que recibamos la confirmaci\u00f3n del pago.\" \/>\n<meta property=\"og:url\" content=\"https:\/\/spanishwithpaula.com\/es\/metodos-de-pago\/\" \/>\n<meta property=\"og:site_name\" content=\"Spanish with Paula\" \/>\n<meta property=\"article:modified_time\" content=\"2021-03-11T17:03:33+00:00\" \/>\n<meta name=\"author\" content=\"admin\" \/>\n<meta name=\"twitter:card\" content=\"summary_large_image\" \/>\n<meta name=\"twitter:label1\" content=\"Tiempo de lectura\" \/>\n\t<meta name=\"twitter:data1\" content=\"1 minuto\" \/>\n<script type=\"application\/ld+json\" class=\"yoast-schema-graph\">{\"@context\":\"https:\/\/schema.org\",\"@graph\":[{\"@type\":\"Organization\",\"@id\":\"https:\/\/spanishwithpaula.com\/#organization\",\"name\":\"Spanish with Paula\",\"url\":\"https:\/\/spanishwithpaula.com\/\",\"sameAs\":[],\"logo\":{\"@type\":\"ImageObject\",\"inLanguage\":\"es\",\"@id\":\"https:\/\/spanishwithpaula.com\/#\/schema\/logo\/image\/\",\"url\":\"https:\/\/spanishwithpaula.com\/wp-content\/uploads\/2020\/08\/About-me-finish.jpg\",\"contentUrl\":\"https:\/\/spanishwithpaula.com\/wp-content\/uploads\/2020\/08\/About-me-finish.jpg\",\"width\":600,\"height\":300,\"caption\":\"Spanish with Paula\"},\"image\":{\"@id\":\"https:\/\/spanishwithpaula.com\/#\/schema\/logo\/image\/\"}},{\"@type\":\"WebSite\",\"@id\":\"https:\/\/spanishwithpaula.com\/#website\",\"url\":\"https:\/\/spanishwithpaula.com\/\",\"name\":\"Spanish with Paula\",\"description\":\"Learn Spanish online\",\"publisher\":{\"@id\":\"https:\/\/spanishwithpaula.com\/#organization\"},\"potentialAction\":[{\"@type\":\"SearchAction\",\"target\":{\"@type\":\"EntryPoint\",\"urlTemplate\":\"https:\/\/spanishwithpaula.com\/?s={search_term_string}\"},\"query-input\":\"required name=search_term_string\"}],\"inLanguage\":\"es\"},{\"@type\":\"WebPage\",\"@id\":\"https:\/\/spanishwithpaula.com\/es\/metodos-de-pago\/#webpage\",\"url\":\"https:\/\/spanishwithpaula.com\/es\/metodos-de-pago\/\",\"name\":\"M\u00e9todos de pago | Spanish with Paula\",\"isPartOf\":{\"@id\":\"https:\/\/spanishwithpaula.com\/#website\"},\"datePublished\":\"2021-03-03T11:35:51+00:00\",\"dateModified\":\"2021-03-11T17:03:33+00:00\",\"breadcrumb\":{\"@id\":\"https:\/\/spanishwithpaula.com\/es\/metodos-de-pago\/#breadcrumb\"},\"inLanguage\":\"es\",\"potentialAction\":[{\"@type\":\"ReadAction\",\"target\":[\"https:\/\/spanishwithpaula.com\/es\/metodos-de-pago\/\"]}]},{\"@type\":\"BreadcrumbList\",\"@id\":\"https:\/\/spanishwithpaula.com\/es\/metodos-de-pago\/#breadcrumb\",\"itemListElement\":[{\"@type\":\"ListItem\",\"position\":1,\"name\":\"Portada\",\"item\":\"https:\/\/spanishwithpaula.com\/es\/\"},{\"@type\":\"ListItem\",\"position\":2,\"name\":\"M\u00e9todos de pago\"}]}]}<\/script>\n<!-- \/ Yoast SEO plugin. -->","yoast_head_json":{"title":"M\u00e9todos de pago | Spanish with Paula","robots":{"index":"index","follow":"follow","max-snippet":"max-snippet:-1","max-image-preview":"max-image-preview:large","max-video-preview":"max-video-preview:-1"},"canonical":"https:\/\/spanishwithpaula.com\/es\/metodos-de-pago\/","og_locale":"es_ES","og_type":"article","og_title":"M\u00e9todos de pago | Spanish with Paula","og_description":"Credit Card Paga de forma segura con tu tarjeta de cr\u00e9dito. PayPal Paga con tu cuenta de PayPal , si no tienes una puedes crearte una aqu\u00edTransferencia Bancaria Tu pedido quedar\u00e1 en espera hasta que recibamos la confirmaci\u00f3n del pago.","og_url":"https:\/\/spanishwithpaula.com\/es\/metodos-de-pago\/","og_site_name":"Spanish with Paula","article_modified_time":"2021-03-11T17:03:33+00:00","author":"admin","twitter_card":"summary_large_image","twitter_misc":{"Tiempo de lectura":"1 minuto"},"schema":{"@context":"https:\/\/schema.org","@graph":[{"@type":"Organization","@id":"https:\/\/spanishwithpaula.com\/#organization","name":"Spanish with Paula","url":"https:\/\/spanishwithpaula.com\/","sameAs":[],"logo":{"@type":"ImageObject","inLanguage":"es","@id":"https:\/\/spanishwithpaula.com\/#\/schema\/logo\/image\/","url":"https:\/\/spanishwithpaula.com\/wp-content\/uploads\/2020\/08\/About-me-finish.jpg","contentUrl":"https:\/\/spanishwithpaula.com\/wp-content\/uploads\/2020\/08\/About-me-finish.jpg","width":600,"height":300,"caption":"Spanish with Paula"},"image":{"@id":"https:\/\/spanishwithpaula.com\/#\/schema\/logo\/image\/"}},{"@type":"WebSite","@id":"https:\/\/spanishwithpaula.com\/#website","url":"https:\/\/spanishwithpaula.com\/","name":"Spanish with Paula","description":"Learn Spanish online","publisher":{"@id":"https:\/\/spanishwithpaula.com\/#organization"},"potentialAction":[{"@type":"SearchAction","target":{"@type":"EntryPoint","urlTemplate":"https:\/\/spanishwithpaula.com\/?s={search_term_string}"},"query-input":"required name=search_term_string"}],"inLanguage":"es"},{"@type":"WebPage","@id":"https:\/\/spanishwithpaula.com\/es\/metodos-de-pago\/#webpage","url":"https:\/\/spanishwithpaula.com\/es\/metodos-de-pago\/","name":"M\u00e9todos de pago | Spanish with Paula","isPartOf":{"@id":"https:\/\/spanishwithpaula.com\/#website"},"datePublished":"2021-03-03T11:35:51+00:00","dateModified":"2021-03-11T17:03:33+00:00","breadcrumb":{"@id":"https:\/\/spanishwithpaula.com\/es\/metodos-de-pago\/#breadcrumb"},"inLanguage":"es","potentialAction":[{"@type":"ReadAction","target":["https:\/\/spanishwithpaula.com\/es\/metodos-de-pago\/"]}]},{"@type":"BreadcrumbList","@id":"https:\/\/spanishwithpaula.com\/es\/metodos-de-pago\/#breadcrumb","itemListElement":[{"@type":"ListItem","position":1,"name":"Portada","item":"https:\/\/spanishwithpaula.com\/es\/"},{"@type":"ListItem","position":2,"name":"M\u00e9todos de pago"}]}]}},"_links":{"self":[{"href":"https:\/\/spanishwithpaula.com\/es\/wp-json\/wp\/v2\/pages\/2590"}],"collection":[{"href":"https:\/\/spanishwithpaula.com\/es\/wp-json\/wp\/v2\/pages"}],"about":[{"href":"https:\/\/spanishwithpaula.com\/es\/wp-json\/wp\/v2\/types\/page"}],"author":[{"embeddable":true,"href":"https:\/\/spanishwithpaula.com\/es\/wp-json\/wp\/v2\/users\/1"}],"replies":[{"embeddable":true,"href":"https:\/\/spanishwithpaula.com\/es\/wp-json\/wp\/v2\/comments?post=2590"}],"version-history":[{"count":20,"href":"https:\/\/spanishwithpaula.com\/es\/wp-json\/wp\/v2\/pages\/2590\/revisions"}],"predecessor-version":[{"id":2988,"href":"https:\/\/spanishwithpaula.com\/es\/wp-json\/wp\/v2\/pages\/2590\/revisions\/2988"}],"wp:attachment":[{"href":"https:\/\/spanishwithpaula.com\/es\/wp-json\/wp\/v2\/media?parent=2590"}],"curies":[{"name":"wp","href":"https:\/\/api.w.org\/{rel}","templated":true}]}}