{"id":2627,"date":"2021-03-03T18:40:20","date_gmt":"2021-03-03T18:40:20","guid":{"rendered":"https:\/\/spanishwithpaula.com\/?page_id=2627"},"modified":"2021-03-03T19:10:47","modified_gmt":"2021-03-03T19:10:47","slug":"aviso-legal-2","status":"publish","type":"page","link":"https:\/\/spanishwithpaula.com\/es\/aviso-legal-2\/","title":{"rendered":"Aviso Legal"},"content":{"rendered":"<p>[et_pb_section fb_built=\u00bb1&#8243; _builder_version=\u00bb4.4.9&#8243;][et_pb_row _builder_version=\u00bb4.4.9&#8243;][et_pb_column type=\u00bb4_4&#8243; _builder_version=\u00bb4.4.9&#8243;][et_pb_text _builder_version=\u00bb4.4.9&#8243; text_font=\u00bbPoppins||||||||\u00bb text_text_color=\u00bb#64b6ac\u00bb text_font_size=\u00bb30px\u00bb]<\/p>\n<p>AVISO LEGAL<\/p>\n<p>[\/et_pb_text][et_pb_text _builder_version=\u00bb4.4.9&#8243; text_font=\u00bbPoppins||||||||\u00bb]<\/p>\n<div class=\"row row-block\">\n<p class=\"col-12 h4\">\n<\/div>\n<p>Este Sitio Web es una creaci\u00f3n de SPANISH WITH PAULA destinada a ofrecer informaci\u00f3n a los usuarios del mismo sobre sus contenidos y servicios.<\/p>\n<p>El acceso a todas sus p\u00e1ginas es gratuito y an\u00f3nimo salvo en aquellas zonas en que, por seguridad, se solicita el registro del Usuario para su acceso a esa zona. SPANISH WITH PAULA se reserva el derecho a modificar la presentaci\u00f3n, configuraci\u00f3n y los servicios ofrecidos en el mismo.<\/p>\n<p><strong>I.- OBLIGACIONES DEL USUARIO:<\/strong><\/p>\n<ul>\n<li>El acceso y la utilizaci\u00f3n de los servicios contenidos en este Sitio Web conlleva la plena aceptaci\u00f3n de las condiciones generales de utilizaci\u00f3n expresadas en el presente documento.<\/li>\n<li>El usuario se compromete a utilizar los contenidos (entendiendo por \u201ccontenidos\u201d los textos, gr\u00e1ficos, planos, dibujos, dise\u00f1os, gu\u00edas, c\u00f3digos, software, fotograf\u00edas, m\u00fasica, v\u00eddeos, sonidos, bases de datos, im\u00e1genes, informaciones, enlaces o cualesquiera otra creaci\u00f3n protegida por las leyes nacionales y los tratados internacionales sobre propiedad intelectual e industrial), as\u00ed como los servicios ofrecidos, de forma correcta y l\u00edcita, de acuerdo con la ley, la moral y las buenas costumbres generalmente aceptadas. En este sentido, el Usuario se compromete a no reproducir, distribuir, transformar, modificar o manipular los contenidos, as\u00ed como los dispositivos t\u00e9cnicos de protecci\u00f3n o de configuraci\u00f3n del sitio web; en consecuencia, el Usuario, en ning\u00fan caso, utilizar\u00e1 medios distintos de los que el sitio web haya puesto a su disposici\u00f3n con el fin de obtener cualquier clase de material, informaci\u00f3n o archivos incluidos en la misma.<\/li>\n<li>De acuerdo con lo anterior y con car\u00e1cter general, SPANISH WITH PAULA no autoriza la reproducci\u00f3n, transformaci\u00f3n, modificaci\u00f3n o manipulaci\u00f3n de sus marcas y signos distintivos por los usuarios ni la utilizaci\u00f3n de los mismos para promoci\u00f3n de su propia actividad ni, en modo alguno, creando situaciones de confusi\u00f3n en el mercado.<\/li>\n<li>Asimismo, el usuario se abstendr\u00e1 de realizar actividades que puedan da\u00f1ar, inutilizar, sobrecargar o deteriorar las p\u00e1ginas, o impedir la normal utilizaci\u00f3n o disfrute del Sitio Web y de los servicios por parte de los dem\u00e1s usuarios.<\/li>\n<li>ENLACES: El Usuario no podr\u00e1 establecer enlaces desde otro sitio web sin la previa autorizaci\u00f3n expresa y escrita de SPANISH WITH PAULA.<\/li>\n<\/ul>\n<p><strong>II.- INFORMACI\u00d3N AL USUARIO:<\/strong><\/p>\n<p><strong>1.- DATOS DE CAR\u00c1CTER PERSONAL:<\/strong><\/p>\n<p>Este Sitio Web ofrece la posibilidad de inscribirse para contratar servicios, solicitar informaci\u00f3n, participar en actividades etc. De acuerdo con lo anterior, el interesado deber\u00e1 cumplimentar los cuestionarios facilitados indicando los datos necesarios para la gesti\u00f3n del mismo. La inscripci\u00f3n por esta v\u00eda puede requerir la comunicaci\u00f3n por parte del Usuario de datos personales, para la efectividad de la misma.<\/p>\n<p><strong><a name=\"_Hlk516139929\" style=\"background-image: url('img\/anchor.gif')\"><\/a><\/strong><\/p>\n<p>Puede conocer m\u00e1s detalles sobre nuestra pol\u00edtica de protecci\u00f3n de datos personales en el apartado de <strong><a href=\"https:\/\/spanishwithpaula.com\/es\/politica-de-privacidad\/\">\u00abPol\u00edtica de Privacidad\u201d<\/a><\/strong>de esta p\u00e1gina web.<\/p>\n<p><strong>3.- CONTENIDOS DE TERCEROS:<\/strong><\/p>\n<p>SPANISH WITH PAULA considera de m\u00e1ximo inter\u00e9s fomentar la comunicaci\u00f3n entre sus Usuarios de sus sitios web, en este sentido, a trav\u00e9s de Internet, pone a su disposici\u00f3n la posibilidad de exponer, en las p\u00e1ginas que eventualmente se destinan para ello, informaci\u00f3n relativa a sus actividades, nuevos productos, noticias, ideas, as\u00ed por ejemplo, expositores, blogueros, empresas colaboradoras en su funci\u00f3n de oficinas comerciales en el extranjero etc. incluyendo noticias de inter\u00e9s, de sus actividades y productos, pa\u00edses etc. En estos casos SPANISH WITH PAULA act\u00faa, \u00fanicamente como intermediaria en la transmisi\u00f3n y difusi\u00f3n de los contenidos.<\/p>\n<p>SPANISH WITH PAULA hace constar que esos contenidos son propiedad y responsabilidad de las personas o entidades que los publican, haci\u00e9ndose responsables de su veracidad, licitud, continuidad y su actualizaci\u00f3n, por lo que SPANISH WITH PAULA declina cualquier responsabilidad respecto a las informaciones facilitadas por \u00e9stos.<\/p>\n<p>&nbsp;<\/p>\n<p>[\/et_pb_text][\/et_pb_column][\/et_pb_row][\/et_pb_section]<\/p>\n","protected":false},"excerpt":{"rendered":"<p>AVISO LEGAL Este Sitio Web es una creaci\u00f3n de SPANISH WITH PAULA destinada a ofrecer informaci\u00f3n a los usuarios del mismo sobre sus contenidos y servicios. El acceso a todas sus p\u00e1ginas es gratuito y an\u00f3nimo salvo en aquellas zonas en que, por seguridad, se solicita el registro del Usuario para su acceso a esa [&hellip;]<\/p>\n","protected":false},"author":1,"featured_media":0,"parent":0,"menu_order":0,"comment_status":"closed","ping_status":"closed","template":"","meta":{"_et_pb_use_builder":"on","_et_pb_old_content":"","_et_gb_content_width":""},"yoast_head":"<!-- This site is optimized with the Yoast SEO plugin v19.2 - https:\/\/yoast.com\/wordpress\/plugins\/seo\/ -->\n<title>Aviso Legal | Spanish with Paula<\/title>\n<meta name=\"robots\" content=\"index, follow, max-snippet:-1, max-image-preview:large, max-video-preview:-1\" \/>\n<link rel=\"canonical\" href=\"https:\/\/spanishwithpaula.com\/es\/aviso-legal-2\/\" \/>\n<meta property=\"og:locale\" content=\"es_ES\" \/>\n<meta property=\"og:type\" content=\"article\" \/>\n<meta property=\"og:title\" content=\"Aviso Legal | Spanish with Paula\" \/>\n<meta property=\"og:description\" content=\"AVISO LEGAL Este Sitio Web es una creaci\u00f3n de SPANISH WITH PAULA destinada a ofrecer informaci\u00f3n a los usuarios del mismo sobre sus contenidos y servicios. El acceso a todas sus p\u00e1ginas es gratuito y an\u00f3nimo salvo en aquellas zonas en que, por seguridad, se solicita el registro del Usuario para su acceso a esa [&hellip;]\" \/>\n<meta property=\"og:url\" content=\"https:\/\/spanishwithpaula.com\/es\/aviso-legal-2\/\" \/>\n<meta property=\"og:site_name\" content=\"Spanish with Paula\" \/>\n<meta property=\"article:modified_time\" content=\"2021-03-03T19:10:47+00:00\" \/>\n<meta name=\"author\" content=\"admin\" \/>\n<meta name=\"twitter:card\" content=\"summary_large_image\" \/>\n<meta name=\"twitter:label1\" content=\"Tiempo de lectura\" \/>\n\t<meta name=\"twitter:data1\" content=\"4 minutos\" \/>\n<script type=\"application\/ld+json\" class=\"yoast-schema-graph\">{\"@context\":\"https:\/\/schema.org\",\"@graph\":[{\"@type\":\"Organization\",\"@id\":\"https:\/\/spanishwithpaula.com\/#organization\",\"name\":\"Spanish with Paula\",\"url\":\"https:\/\/spanishwithpaula.com\/\",\"sameAs\":[],\"logo\":{\"@type\":\"ImageObject\",\"inLanguage\":\"es\",\"@id\":\"https:\/\/spanishwithpaula.com\/#\/schema\/logo\/image\/\",\"url\":\"https:\/\/spanishwithpaula.com\/wp-content\/uploads\/2020\/08\/About-me-finish.jpg\",\"contentUrl\":\"https:\/\/spanishwithpaula.com\/wp-content\/uploads\/2020\/08\/About-me-finish.jpg\",\"width\":600,\"height\":300,\"caption\":\"Spanish with Paula\"},\"image\":{\"@id\":\"https:\/\/spanishwithpaula.com\/#\/schema\/logo\/image\/\"}},{\"@type\":\"WebSite\",\"@id\":\"https:\/\/spanishwithpaula.com\/#website\",\"url\":\"https:\/\/spanishwithpaula.com\/\",\"name\":\"Spanish with Paula\",\"description\":\"Learn Spanish online\",\"publisher\":{\"@id\":\"https:\/\/spanishwithpaula.com\/#organization\"},\"potentialAction\":[{\"@type\":\"SearchAction\",\"target\":{\"@type\":\"EntryPoint\",\"urlTemplate\":\"https:\/\/spanishwithpaula.com\/?s={search_term_string}\"},\"query-input\":\"required name=search_term_string\"}],\"inLanguage\":\"es\"},{\"@type\":\"WebPage\",\"@id\":\"https:\/\/spanishwithpaula.com\/es\/aviso-legal-2\/#webpage\",\"url\":\"https:\/\/spanishwithpaula.com\/es\/aviso-legal-2\/\",\"name\":\"Aviso Legal | Spanish with Paula\",\"isPartOf\":{\"@id\":\"https:\/\/spanishwithpaula.com\/#website\"},\"datePublished\":\"2021-03-03T18:40:20+00:00\",\"dateModified\":\"2021-03-03T19:10:47+00:00\",\"breadcrumb\":{\"@id\":\"https:\/\/spanishwithpaula.com\/es\/aviso-legal-2\/#breadcrumb\"},\"inLanguage\":\"es\",\"potentialAction\":[{\"@type\":\"ReadAction\",\"target\":[\"https:\/\/spanishwithpaula.com\/es\/aviso-legal-2\/\"]}]},{\"@type\":\"BreadcrumbList\",\"@id\":\"https:\/\/spanishwithpaula.com\/es\/aviso-legal-2\/#breadcrumb\",\"itemListElement\":[{\"@type\":\"ListItem\",\"position\":1,\"name\":\"Portada\",\"item\":\"https:\/\/spanishwithpaula.com\/es\/\"},{\"@type\":\"ListItem\",\"position\":2,\"name\":\"Aviso Legal\"}]}]}<\/script>\n<!-- \/ Yoast SEO plugin. -->","yoast_head_json":{"title":"Aviso Legal | Spanish with Paula","robots":{"index":"index","follow":"follow","max-snippet":"max-snippet:-1","max-image-preview":"max-image-preview:large","max-video-preview":"max-video-preview:-1"},"canonical":"https:\/\/spanishwithpaula.com\/es\/aviso-legal-2\/","og_locale":"es_ES","og_type":"article","og_title":"Aviso Legal | Spanish with Paula","og_description":"AVISO LEGAL Este Sitio Web es una creaci\u00f3n de SPANISH WITH PAULA destinada a ofrecer informaci\u00f3n a los usuarios del mismo sobre sus contenidos y servicios. El acceso a todas sus p\u00e1ginas es gratuito y an\u00f3nimo salvo en aquellas zonas en que, por seguridad, se solicita el registro del Usuario para su acceso a esa [&hellip;]","og_url":"https:\/\/spanishwithpaula.com\/es\/aviso-legal-2\/","og_site_name":"Spanish with Paula","article_modified_time":"2021-03-03T19:10:47+00:00","author":"admin","twitter_card":"summary_large_image","twitter_misc":{"Tiempo de lectura":"4 minutos"},"schema":{"@context":"https:\/\/schema.org","@graph":[{"@type":"Organization","@id":"https:\/\/spanishwithpaula.com\/#organization","name":"Spanish with Paula","url":"https:\/\/spanishwithpaula.com\/","sameAs":[],"logo":{"@type":"ImageObject","inLanguage":"es","@id":"https:\/\/spanishwithpaula.com\/#\/schema\/logo\/image\/","url":"https:\/\/spanishwithpaula.com\/wp-content\/uploads\/2020\/08\/About-me-finish.jpg","contentUrl":"https:\/\/spanishwithpaula.com\/wp-content\/uploads\/2020\/08\/About-me-finish.jpg","width":600,"height":300,"caption":"Spanish with Paula"},"image":{"@id":"https:\/\/spanishwithpaula.com\/#\/schema\/logo\/image\/"}},{"@type":"WebSite","@id":"https:\/\/spanishwithpaula.com\/#website","url":"https:\/\/spanishwithpaula.com\/","name":"Spanish with Paula","description":"Learn Spanish online","publisher":{"@id":"https:\/\/spanishwithpaula.com\/#organization"},"potentialAction":[{"@type":"SearchAction","target":{"@type":"EntryPoint","urlTemplate":"https:\/\/spanishwithpaula.com\/?s={search_term_string}"},"query-input":"required name=search_term_string"}],"inLanguage":"es"},{"@type":"WebPage","@id":"https:\/\/spanishwithpaula.com\/es\/aviso-legal-2\/#webpage","url":"https:\/\/spanishwithpaula.com\/es\/aviso-legal-2\/","name":"Aviso Legal | Spanish with Paula","isPartOf":{"@id":"https:\/\/spanishwithpaula.com\/#website"},"datePublished":"2021-03-03T18:40:20+00:00","dateModified":"2021-03-03T19:10:47+00:00","breadcrumb":{"@id":"https:\/\/spanishwithpaula.com\/es\/aviso-legal-2\/#breadcrumb"},"inLanguage":"es","potentialAction":[{"@type":"ReadAction","target":["https:\/\/spanishwithpaula.com\/es\/aviso-legal-2\/"]}]},{"@type":"BreadcrumbList","@id":"https:\/\/spanishwithpaula.com\/es\/aviso-legal-2\/#breadcrumb","itemListElement":[{"@type":"ListItem","position":1,"name":"Portada","item":"https:\/\/spanishwithpaula.com\/es\/"},{"@type":"ListItem","position":2,"name":"Aviso Legal"}]}]}},"_links":{"self":[{"href":"https:\/\/spanishwithpaula.com\/es\/wp-json\/wp\/v2\/pages\/2627"}],"collection":[{"href":"https:\/\/spanishwithpaula.com\/es\/wp-json\/wp\/v2\/pages"}],"about":[{"href":"https:\/\/spanishwithpaula.com\/es\/wp-json\/wp\/v2\/types\/page"}],"author":[{"embeddable":true,"href":"https:\/\/spanishwithpaula.com\/es\/wp-json\/wp\/v2\/users\/1"}],"replies":[{"embeddable":true,"href":"https:\/\/spanishwithpaula.com\/es\/wp-json\/wp\/v2\/comments?post=2627"}],"version-history":[{"count":22,"href":"https:\/\/spanishwithpaula.com\/es\/wp-json\/wp\/v2\/pages\/2627\/revisions"}],"predecessor-version":[{"id":2675,"href":"https:\/\/spanishwithpaula.com\/es\/wp-json\/wp\/v2\/pages\/2627\/revisions\/2675"}],"wp:attachment":[{"href":"https:\/\/spanishwithpaula.com\/es\/wp-json\/wp\/v2\/media?parent=2627"}],"curies":[{"name":"wp","href":"https:\/\/api.w.org\/{rel}","templated":true}]}}