{"id":2997,"date":"2021-03-11T22:56:33","date_gmt":"2021-03-11T22:56:33","guid":{"rendered":"https:\/\/spanishwithpaula.com\/terminos-y-condiciones\/"},"modified":"2021-03-11T22:59:58","modified_gmt":"2021-03-11T22:59:58","slug":"terminos-y-condiciones","status":"publish","type":"page","link":"https:\/\/spanishwithpaula.com\/es\/terminos-y-condiciones\/","title":{"rendered":"T\u00e9rminos y Condiciones"},"content":{"rendered":"<p>[et_pb_section fb_built=\u00bb1&#8243; _builder_version=\u00bb4.4.9&#8243;][et_pb_row _builder_version=\u00bb4.4.9&#8243; custom_margin=\u00bb|auto||126px||\u00bb][et_pb_column type=\u00bb4_4&#8243; _builder_version=\u00bb4.4.9&#8243;][et_pb_text _builder_version=\u00bb4.4.9&#8243; text_font=\u00bbPoppins||||||||\u00bb text_text_color=\u00bb#64b6ac\u00bb text_font_size=\u00bb30px\u00bb]<\/p>\n<p>T\u00c9RMINOS Y CONDICIONES<\/p>\n<p>[\/et_pb_text][et_pb_text _builder_version=\u00bb4.4.9&#8243;]<\/p>\n<p>&nbsp;<\/p>\n<ul>\n<li>El pago completo de las clases contratadas se debe hacer por adelantado en su totalidad<\/li>\n<\/ul>\n<ul>\n<li>SPANISH WITH PAULA no se hace responsable de ning\u00fan cargo bancario adicional, cargos por intereses, cargos financieros, cargos por borrador u otros cargos.<\/li>\n<li>Nos reservamos el derecho de cambiar nuestras tarifas, pero estas se notificar\u00e1n con antelaci\u00f3n.<\/li>\n<li>El pago de las clases es a trav\u00e9s de Tarjeta de Cr\u00e9dito, PayPal, o por Transferencia Bancaria.<\/li>\n<li>Despu\u00e9s de terminar su pago, recibir\u00e1 una confirmaci\u00f3n por correo electr\u00f3nico y a partir de ah\u00ed ya puede reservar online su clase directamente en nuestro calendario de reservas.<\/li>\n<li>Nuestra pol\u00edtica de cancelaci\u00f3n y cambio es de 24 horas de antelaci\u00f3n por correo electr\u00f3nico. Si el email no se recibe en las 24 horas ANTES del comienzo de la<\/li>\n<\/ul>\n<p>clase programada y el alumno no se presenta a la clase, ser\u00e1 considerado como \u00ab<span style=\"text-decoration: underline\">No Show<\/span>\u00ab, y el importe total de la clase programada NO ser\u00e1 reembolsado.<\/p>\n<ul>\n<li>Si se cancela la clase dentro del plazo de las 24 horas antes del comienzo, tiene opci\u00f3n de cambiar la fecha\/hora para otro d\u00eda \u00f3 recibir el importe de la clase abonada.<\/li>\n<li>La clase contratada debe ser programada y realizada dentro del plazo de 1 a\u00f1o a partir de la fecha de la compra, o las clases se perder\u00e1n.<\/li>\n<li>La clase de prueba tiene una duraci\u00f3n de aproximadamente 30 minutos y es completamente GRATIS.<\/li>\n<\/ul>\n<ul>\n<li>La clase de prueba no lo compromete para tomar m\u00e1s clases a continuaci\u00f3n.<\/li>\n<li>En el caso de que necesite cancelar \/ reprogramar su cita de la clase de prueba, le pedimos que nos lo notifique con 24 horas de antelaci\u00f3n a la fecha\/hora de su clase programada.<\/li>\n<\/ul>\n<p>&nbsp;<\/p>\n<p>VACACIONES Y D\u00cdAS POR ENFERMEDAD <\/p>\n<ul>\n<li>\u2022 Las vacaciones ser\u00e1n conocidas de antemano.<\/li>\n<li>Si por alguna raz\u00f3n el profesor no puede dar la clase, el pago enviado puede ser usado para programar una clase futura. Si prefiere un reembolso ser\u00e1 dado. <\/li>\n<\/ul>\n<p>&nbsp;<\/p>\n<p>Si tiene m\u00e1s preguntas, no dude en ponerse en contacto conmigo a trav\u00e9s del formulario de <a href=\"https:\/\/spanishwithpaula.com\/es\/contacto\/\">formulario de contacto<\/a>.<\/p>\n<p>[\/et_pb_text][\/et_pb_column][\/et_pb_row][\/et_pb_section]<\/p>\n","protected":false},"excerpt":{"rendered":"<p>T\u00c9RMINOS Y CONDICIONES&nbsp; El pago completo de las clases contratadas se debe hacer por adelantado en su totalidad SPANISH WITH PAULA no se hace responsable de ning\u00fan cargo bancario adicional, cargos por intereses, cargos financieros, cargos por borrador u otros cargos. Nos reservamos el derecho de cambiar nuestras tarifas, pero estas se notificar\u00e1n con antelaci\u00f3n. [&hellip;]<\/p>\n","protected":false},"author":1,"featured_media":0,"parent":0,"menu_order":0,"comment_status":"closed","ping_status":"closed","template":"","meta":{"_et_pb_use_builder":"on","_et_pb_old_content":"","_et_gb_content_width":""},"yoast_head":"<!-- This site is optimized with the Yoast SEO plugin v19.2 - https:\/\/yoast.com\/wordpress\/plugins\/seo\/ -->\n<title>T\u00e9rminos y Condiciones | Spanish with Paula<\/title>\n<meta name=\"robots\" content=\"index, follow, max-snippet:-1, max-image-preview:large, max-video-preview:-1\" \/>\n<link rel=\"canonical\" href=\"https:\/\/spanishwithpaula.com\/es\/terminos-y-condiciones\/\" \/>\n<meta property=\"og:locale\" content=\"es_ES\" \/>\n<meta property=\"og:type\" content=\"article\" \/>\n<meta property=\"og:title\" content=\"T\u00e9rminos y Condiciones | Spanish with Paula\" \/>\n<meta property=\"og:description\" content=\"T\u00c9RMINOS Y CONDICIONES&nbsp; El pago completo de las clases contratadas se debe hacer por adelantado en su totalidad SPANISH WITH PAULA no se hace responsable de ning\u00fan cargo bancario adicional, cargos por intereses, cargos financieros, cargos por borrador u otros cargos. Nos reservamos el derecho de cambiar nuestras tarifas, pero estas se notificar\u00e1n con antelaci\u00f3n. [&hellip;]\" \/>\n<meta property=\"og:url\" content=\"https:\/\/spanishwithpaula.com\/es\/terminos-y-condiciones\/\" \/>\n<meta property=\"og:site_name\" content=\"Spanish with Paula\" \/>\n<meta property=\"article:modified_time\" content=\"2021-03-11T22:59:58+00:00\" \/>\n<meta name=\"author\" content=\"admin\" \/>\n<meta name=\"twitter:card\" content=\"summary_large_image\" \/>\n<meta name=\"twitter:label1\" content=\"Tiempo de lectura\" \/>\n\t<meta name=\"twitter:data1\" content=\"2 minutos\" \/>\n<script type=\"application\/ld+json\" class=\"yoast-schema-graph\">{\"@context\":\"https:\/\/schema.org\",\"@graph\":[{\"@type\":\"Organization\",\"@id\":\"https:\/\/spanishwithpaula.com\/#organization\",\"name\":\"Spanish with Paula\",\"url\":\"https:\/\/spanishwithpaula.com\/\",\"sameAs\":[],\"logo\":{\"@type\":\"ImageObject\",\"inLanguage\":\"es\",\"@id\":\"https:\/\/spanishwithpaula.com\/#\/schema\/logo\/image\/\",\"url\":\"https:\/\/spanishwithpaula.com\/wp-content\/uploads\/2020\/08\/About-me-finish.jpg\",\"contentUrl\":\"https:\/\/spanishwithpaula.com\/wp-content\/uploads\/2020\/08\/About-me-finish.jpg\",\"width\":600,\"height\":300,\"caption\":\"Spanish with Paula\"},\"image\":{\"@id\":\"https:\/\/spanishwithpaula.com\/#\/schema\/logo\/image\/\"}},{\"@type\":\"WebSite\",\"@id\":\"https:\/\/spanishwithpaula.com\/#website\",\"url\":\"https:\/\/spanishwithpaula.com\/\",\"name\":\"Spanish with Paula\",\"description\":\"Learn Spanish online\",\"publisher\":{\"@id\":\"https:\/\/spanishwithpaula.com\/#organization\"},\"potentialAction\":[{\"@type\":\"SearchAction\",\"target\":{\"@type\":\"EntryPoint\",\"urlTemplate\":\"https:\/\/spanishwithpaula.com\/?s={search_term_string}\"},\"query-input\":\"required name=search_term_string\"}],\"inLanguage\":\"es\"},{\"@type\":\"WebPage\",\"@id\":\"https:\/\/spanishwithpaula.com\/es\/terminos-y-condiciones\/#webpage\",\"url\":\"https:\/\/spanishwithpaula.com\/es\/terminos-y-condiciones\/\",\"name\":\"T\u00e9rminos y Condiciones | Spanish with Paula\",\"isPartOf\":{\"@id\":\"https:\/\/spanishwithpaula.com\/#website\"},\"datePublished\":\"2021-03-11T22:56:33+00:00\",\"dateModified\":\"2021-03-11T22:59:58+00:00\",\"breadcrumb\":{\"@id\":\"https:\/\/spanishwithpaula.com\/es\/terminos-y-condiciones\/#breadcrumb\"},\"inLanguage\":\"es\",\"potentialAction\":[{\"@type\":\"ReadAction\",\"target\":[\"https:\/\/spanishwithpaula.com\/es\/terminos-y-condiciones\/\"]}]},{\"@type\":\"BreadcrumbList\",\"@id\":\"https:\/\/spanishwithpaula.com\/es\/terminos-y-condiciones\/#breadcrumb\",\"itemListElement\":[{\"@type\":\"ListItem\",\"position\":1,\"name\":\"Portada\",\"item\":\"https:\/\/spanishwithpaula.com\/es\/\"},{\"@type\":\"ListItem\",\"position\":2,\"name\":\"T\u00e9rminos y Condiciones\"}]}]}<\/script>\n<!-- \/ Yoast SEO plugin. -->","yoast_head_json":{"title":"T\u00e9rminos y Condiciones | Spanish with Paula","robots":{"index":"index","follow":"follow","max-snippet":"max-snippet:-1","max-image-preview":"max-image-preview:large","max-video-preview":"max-video-preview:-1"},"canonical":"https:\/\/spanishwithpaula.com\/es\/terminos-y-condiciones\/","og_locale":"es_ES","og_type":"article","og_title":"T\u00e9rminos y Condiciones | Spanish with Paula","og_description":"T\u00c9RMINOS Y CONDICIONES&nbsp; El pago completo de las clases contratadas se debe hacer por adelantado en su totalidad SPANISH WITH PAULA no se hace responsable de ning\u00fan cargo bancario adicional, cargos por intereses, cargos financieros, cargos por borrador u otros cargos. Nos reservamos el derecho de cambiar nuestras tarifas, pero estas se notificar\u00e1n con antelaci\u00f3n. [&hellip;]","og_url":"https:\/\/spanishwithpaula.com\/es\/terminos-y-condiciones\/","og_site_name":"Spanish with Paula","article_modified_time":"2021-03-11T22:59:58+00:00","author":"admin","twitter_card":"summary_large_image","twitter_misc":{"Tiempo de lectura":"2 minutos"},"schema":{"@context":"https:\/\/schema.org","@graph":[{"@type":"Organization","@id":"https:\/\/spanishwithpaula.com\/#organization","name":"Spanish with Paula","url":"https:\/\/spanishwithpaula.com\/","sameAs":[],"logo":{"@type":"ImageObject","inLanguage":"es","@id":"https:\/\/spanishwithpaula.com\/#\/schema\/logo\/image\/","url":"https:\/\/spanishwithpaula.com\/wp-content\/uploads\/2020\/08\/About-me-finish.jpg","contentUrl":"https:\/\/spanishwithpaula.com\/wp-content\/uploads\/2020\/08\/About-me-finish.jpg","width":600,"height":300,"caption":"Spanish with Paula"},"image":{"@id":"https:\/\/spanishwithpaula.com\/#\/schema\/logo\/image\/"}},{"@type":"WebSite","@id":"https:\/\/spanishwithpaula.com\/#website","url":"https:\/\/spanishwithpaula.com\/","name":"Spanish with Paula","description":"Learn Spanish online","publisher":{"@id":"https:\/\/spanishwithpaula.com\/#organization"},"potentialAction":[{"@type":"SearchAction","target":{"@type":"EntryPoint","urlTemplate":"https:\/\/spanishwithpaula.com\/?s={search_term_string}"},"query-input":"required name=search_term_string"}],"inLanguage":"es"},{"@type":"WebPage","@id":"https:\/\/spanishwithpaula.com\/es\/terminos-y-condiciones\/#webpage","url":"https:\/\/spanishwithpaula.com\/es\/terminos-y-condiciones\/","name":"T\u00e9rminos y Condiciones | Spanish with Paula","isPartOf":{"@id":"https:\/\/spanishwithpaula.com\/#website"},"datePublished":"2021-03-11T22:56:33+00:00","dateModified":"2021-03-11T22:59:58+00:00","breadcrumb":{"@id":"https:\/\/spanishwithpaula.com\/es\/terminos-y-condiciones\/#breadcrumb"},"inLanguage":"es","potentialAction":[{"@type":"ReadAction","target":["https:\/\/spanishwithpaula.com\/es\/terminos-y-condiciones\/"]}]},{"@type":"BreadcrumbList","@id":"https:\/\/spanishwithpaula.com\/es\/terminos-y-condiciones\/#breadcrumb","itemListElement":[{"@type":"ListItem","position":1,"name":"Portada","item":"https:\/\/spanishwithpaula.com\/es\/"},{"@type":"ListItem","position":2,"name":"T\u00e9rminos y Condiciones"}]}]}},"_links":{"self":[{"href":"https:\/\/spanishwithpaula.com\/es\/wp-json\/wp\/v2\/pages\/2997"}],"collection":[{"href":"https:\/\/spanishwithpaula.com\/es\/wp-json\/wp\/v2\/pages"}],"about":[{"href":"https:\/\/spanishwithpaula.com\/es\/wp-json\/wp\/v2\/types\/page"}],"author":[{"embeddable":true,"href":"https:\/\/spanishwithpaula.com\/es\/wp-json\/wp\/v2\/users\/1"}],"replies":[{"embeddable":true,"href":"https:\/\/spanishwithpaula.com\/es\/wp-json\/wp\/v2\/comments?post=2997"}],"version-history":[{"count":22,"href":"https:\/\/spanishwithpaula.com\/es\/wp-json\/wp\/v2\/pages\/2997\/revisions"}],"predecessor-version":[{"id":3022,"href":"https:\/\/spanishwithpaula.com\/es\/wp-json\/wp\/v2\/pages\/2997\/revisions\/3022"}],"wp:attachment":[{"href":"https:\/\/spanishwithpaula.com\/es\/wp-json\/wp\/v2\/media?parent=2997"}],"curies":[{"name":"wp","href":"https:\/\/api.w.org\/{rel}","templated":true}]}}